{"id":17,"date":"2015-06-10T14:23:47","date_gmt":"2015-06-10T13:23:47","guid":{"rendered":"http:\/\/oldtownclinic.pl\/?page_id=17"},"modified":"2021-04-26T09:42:58","modified_gmt":"2021-04-26T08:42:58","slug":"o-nas","status":"publish","type":"page","link":"https:\/\/oldtownclinic.pl\/de\/o-nas\/","title":{"rendered":"\u00dcber Uns"},"content":{"rendered":"<p class=\"p1\"><span class=\"s1\">Wir freuen uns , Sie in unserem neu er\u00f6ffneten <b>Old Town Clinic<\/b> willkommen gehei\u00dfen,<\/span><\/p>\n<p class=\"p1\"><span class=\"s1\">die sich im Herzen von Stadt Wroc\u0142aw befindet. Wir sind<span class=\"Apple-converted-space\">\u00a0 <\/span>Wroclauer, die in ihrem Stadt arbeiten und<span class=\"Apple-converted-space\">\u00a0 <\/span>stolz<span class=\"Apple-converted-space\">\u00a0 <\/span>sind<span class=\"Apple-converted-space\">\u00a0 <\/span>von seiner Geschichte und historischen Bauten. Englische Name unserer Klinik bindet zur Name des Hauses an, in dem sich die Residenz<span class=\"Apple-converted-space\">\u00a0 <\/span>Old Town befindet.<\/span><\/p>\n<p class=\"p1\"><span class=\"s1\">Old Town Clinic ist eine intime Familienklinik, deren wesentlichen S\u00e4ulen die Zahnmedizin und Onkologie sind , auf Grund der Spezialisierung, die wir haben.<br \/>\n<\/span><span class=\"s1\">In unserer Klinik bieten wir Ihnen eine intime Atmosph\u00e4re an, weil wir glauben, dass der Kontakt mit Gesundheitsdienst<span class=\"Apple-converted-space\">\u00a0 <\/span>und Gesundheitsproblem eine ausreichende Spannung hervorruft und sollte minimiert werden.<br \/>\n<\/span><span class=\"s1\">Wir laden Sie ein, sich mit Angebot unserer Klinik vertraut zu machen.<\/span><\/p>\n<p class=\"p1\"><span class=\"s1\">Lek. Stom . Katarzyna<span class=\"Apple-converted-space\">\u00a0 <\/span>Calik , Facharzt stomatologischer Prothetik<br \/>\n<\/span><span class=\"s1\">Dr. n.<span class=\"Apple-converted-space\">\u00a0 <\/span>med. Jacek Calik Facharzt Klinikonkologe<\/span><\/p>\n","protected":false},"excerpt":{"rendered":"<p>Wir freuen uns , Sie in unserem neu er\u00f6ffneten Old Town Clinic willkommen gehei\u00dfen, die sich im Herzen von Stadt Wroc\u0142aw befindet. Wir sind\u00a0 Wroclauer, die in ihrem Stadt arbeiten und\u00a0 stolz\u00a0 sind\u00a0 von seiner Geschichte und historischen Bauten. Englische Name unserer Klinik bindet zur Name des Hauses an, in dem sich die Residenz\u00a0 Old [&hellip;]<\/p>\n","protected":false},"author":1,"featured_media":0,"parent":0,"menu_order":0,"comment_status":"open","ping_status":"open","template":"","meta":{"_acf_changed":false,"footnotes":""},"class_list":["post-17","page","type-page","status-publish","hentry"],"translation":{"provider":"WPGlobus","version":"3.0.2","language":"de","enabled_languages":["pl","en","de"],"languages":{"pl":{"title":true,"content":true,"excerpt":false},"en":{"title":true,"content":true,"excerpt":false},"de":{"title":true,"content":true,"excerpt":false}}},"acf":[],"yoast_head":"<!-- This site is optimized with the Yoast SEO plugin v27.4 - https:\/\/yoast.com\/product\/yoast-seo-wordpress\/ -->\n<title>\u00dcber Uns - Old Town Clinic<\/title>\n<meta name=\"robots\" content=\"index, follow, max-snippet:-1, max-image-preview:large, max-video-preview:-1\" \/>\n<link rel=\"canonical\" href=\"https:\/\/oldtownclinic.pl\/o-nas\/\" \/>\n<script type=\"application\/ld+json\" class=\"yoast-schema-graph\">{\"@context\":\"https:\\\/\\\/schema.org\",\"@graph\":[{\"@type\":\"WebPage\",\"@id\":\"https:\\\/\\\/oldtownclinic.pl\\\/o-nas\\\/\",\"url\":\"https:\\\/\\\/oldtownclinic.pl\\\/o-nas\\\/\",\"name\":\"\u00dcber Uns - Old Town Clinic\",\"isPartOf\":{\"@id\":\"https:\\\/\\\/oldtownclinic.pl\\\/de\\\/#website\"},\"primaryImageOfPage\":{\"@id\":\"https:\\\/\\\/oldtownclinic.pl\\\/o-nas\\\/#primaryimage\"},\"image\":{\"@id\":\"https:\\\/\\\/oldtownclinic.pl\\\/o-nas\\\/#primaryimage\"},\"thumbnailUrl\":\"https:\\\/\\\/oldtownclinic.pl\\\/wp-content\\\/uploads\\\/2021\\\/03\\\/9.jpg\",\"datePublished\":\"2015-06-10T13:23:47+00:00\",\"dateModified\":\"2021-04-26T08:42:58+00:00\",\"breadcrumb\":{\"@id\":\"https:\\\/\\\/oldtownclinic.pl\\\/o-nas\\\/#breadcrumb\"},\"inLanguage\":\"de-DE\",\"potentialAction\":[{\"@type\":\"ReadAction\",\"target\":[\"https:\\\/\\\/oldtownclinic.pl\\\/o-nas\\\/\"]}]},{\"@type\":\"ImageObject\",\"inLanguage\":\"de-DE\",\"@id\":\"https:\\\/\\\/oldtownclinic.pl\\\/o-nas\\\/#primaryimage\",\"url\":\"https:\\\/\\\/oldtownclinic.pl\\\/wp-content\\\/uploads\\\/2021\\\/03\\\/9.jpg\",\"contentUrl\":\"https:\\\/\\\/oldtownclinic.pl\\\/wp-content\\\/uploads\\\/2021\\\/03\\\/9.jpg\"},{\"@type\":\"BreadcrumbList\",\"@id\":\"https:\\\/\\\/oldtownclinic.pl\\\/o-nas\\\/#breadcrumb\",\"itemListElement\":[{\"@type\":\"ListItem\",\"position\":1,\"name\":\"Strona g\u0142\u00f3wna\",\"item\":\"https:\\\/\\\/oldtownclinic.pl\\\/de\\\/\"},{\"@type\":\"ListItem\",\"position\":2,\"name\":\"O Nas\"}]},{\"@type\":\"WebSite\",\"@id\":\"https:\\\/\\\/oldtownclinic.pl\\\/de\\\/#website\",\"url\":\"https:\\\/\\\/oldtownclinic.pl\\\/de\\\/\",\"name\":\"Old Town Clinic\",\"description\":\"Klinika Old Town Clinic - Onkologia i Stomatologia\",\"publisher\":{\"@id\":\"https:\\\/\\\/oldtownclinic.pl\\\/de\\\/#organization\"},\"potentialAction\":[{\"@type\":\"SearchAction\",\"target\":{\"@type\":\"EntryPoint\",\"urlTemplate\":\"https:\\\/\\\/oldtownclinic.pl\\\/de\\\/?s={search_term_string}\"},\"query-input\":{\"@type\":\"PropertyValueSpecification\",\"valueRequired\":true,\"valueName\":\"search_term_string\"}}],\"inLanguage\":\"de-DE\"},{\"@type\":\"Organization\",\"@id\":\"https:\\\/\\\/oldtownclinic.pl\\\/de\\\/#organization\",\"name\":\"Old Town Clinic\",\"url\":\"https:\\\/\\\/oldtownclinic.pl\\\/de\\\/\",\"logo\":{\"@type\":\"ImageObject\",\"inLanguage\":\"de-DE\",\"@id\":\"https:\\\/\\\/oldtownclinic.pl\\\/de\\\/#\\\/schema\\\/logo\\\/image\\\/\",\"url\":\"https:\\\/\\\/oldtownclinic.pl\\\/wp-content\\\/uploads\\\/2020\\\/11\\\/11403107_1614297772162163_1743189168332512043_n.jpg\",\"contentUrl\":\"https:\\\/\\\/oldtownclinic.pl\\\/wp-content\\\/uploads\\\/2020\\\/11\\\/11403107_1614297772162163_1743189168332512043_n.jpg\",\"width\":300,\"height\":300,\"caption\":\"Old Town Clinic\"},\"image\":{\"@id\":\"https:\\\/\\\/oldtownclinic.pl\\\/de\\\/#\\\/schema\\\/logo\\\/image\\\/\"},\"sameAs\":[\"https:\\\/\\\/www.facebook.com\\\/Old-Town-Clinic-1602020446723229\"]}]}<\/script>\n<!-- \/ Yoast SEO plugin. -->","yoast_head_json":{"title":"\u00dcber Uns - Old Town Clinic","robots":{"index":"index","follow":"follow","max-snippet":"max-snippet:-1","max-image-preview":"max-image-preview:large","max-video-preview":"max-video-preview:-1"},"canonical":"https:\/\/oldtownclinic.pl\/o-nas\/","schema":{"@context":"https:\/\/schema.org","@graph":[{"@type":"WebPage","@id":"https:\/\/oldtownclinic.pl\/o-nas\/","url":"https:\/\/oldtownclinic.pl\/o-nas\/","name":"\u00dcber Uns - Old Town Clinic","isPartOf":{"@id":"https:\/\/oldtownclinic.pl\/de\/#website"},"primaryImageOfPage":{"@id":"https:\/\/oldtownclinic.pl\/o-nas\/#primaryimage"},"image":{"@id":"https:\/\/oldtownclinic.pl\/o-nas\/#primaryimage"},"thumbnailUrl":"https:\/\/oldtownclinic.pl\/wp-content\/uploads\/2021\/03\/9.jpg","datePublished":"2015-06-10T13:23:47+00:00","dateModified":"2021-04-26T08:42:58+00:00","breadcrumb":{"@id":"https:\/\/oldtownclinic.pl\/o-nas\/#breadcrumb"},"inLanguage":"de-DE","potentialAction":[{"@type":"ReadAction","target":["https:\/\/oldtownclinic.pl\/o-nas\/"]}]},{"@type":"ImageObject","inLanguage":"de-DE","@id":"https:\/\/oldtownclinic.pl\/o-nas\/#primaryimage","url":"https:\/\/oldtownclinic.pl\/wp-content\/uploads\/2021\/03\/9.jpg","contentUrl":"https:\/\/oldtownclinic.pl\/wp-content\/uploads\/2021\/03\/9.jpg"},{"@type":"BreadcrumbList","@id":"https:\/\/oldtownclinic.pl\/o-nas\/#breadcrumb","itemListElement":[{"@type":"ListItem","position":1,"name":"Strona g\u0142\u00f3wna","item":"https:\/\/oldtownclinic.pl\/de\/"},{"@type":"ListItem","position":2,"name":"O Nas"}]},{"@type":"WebSite","@id":"https:\/\/oldtownclinic.pl\/de\/#website","url":"https:\/\/oldtownclinic.pl\/de\/","name":"Old Town Clinic","description":"Klinika Old Town Clinic - Onkologia i Stomatologia","publisher":{"@id":"https:\/\/oldtownclinic.pl\/de\/#organization"},"potentialAction":[{"@type":"SearchAction","target":{"@type":"EntryPoint","urlTemplate":"https:\/\/oldtownclinic.pl\/de\/?s={search_term_string}"},"query-input":{"@type":"PropertyValueSpecification","valueRequired":true,"valueName":"search_term_string"}}],"inLanguage":"de-DE"},{"@type":"Organization","@id":"https:\/\/oldtownclinic.pl\/de\/#organization","name":"Old Town Clinic","url":"https:\/\/oldtownclinic.pl\/de\/","logo":{"@type":"ImageObject","inLanguage":"de-DE","@id":"https:\/\/oldtownclinic.pl\/de\/#\/schema\/logo\/image\/","url":"https:\/\/oldtownclinic.pl\/wp-content\/uploads\/2020\/11\/11403107_1614297772162163_1743189168332512043_n.jpg","contentUrl":"https:\/\/oldtownclinic.pl\/wp-content\/uploads\/2020\/11\/11403107_1614297772162163_1743189168332512043_n.jpg","width":300,"height":300,"caption":"Old Town Clinic"},"image":{"@id":"https:\/\/oldtownclinic.pl\/de\/#\/schema\/logo\/image\/"},"sameAs":["https:\/\/www.facebook.com\/Old-Town-Clinic-1602020446723229"]}]}},"_links":{"self":[{"href":"https:\/\/oldtownclinic.pl\/de\/wp-json\/wp\/v2\/pages\/17","targetHints":{"allow":["GET"]}}],"collection":[{"href":"https:\/\/oldtownclinic.pl\/de\/wp-json\/wp\/v2\/pages"}],"about":[{"href":"https:\/\/oldtownclinic.pl\/de\/wp-json\/wp\/v2\/types\/page"}],"author":[{"embeddable":true,"href":"https:\/\/oldtownclinic.pl\/de\/wp-json\/wp\/v2\/users\/1"}],"replies":[{"embeddable":true,"href":"https:\/\/oldtownclinic.pl\/de\/wp-json\/wp\/v2\/comments?post=17"}],"version-history":[{"count":20,"href":"https:\/\/oldtownclinic.pl\/de\/wp-json\/wp\/v2\/pages\/17\/revisions"}],"predecessor-version":[{"id":1033,"href":"https:\/\/oldtownclinic.pl\/de\/wp-json\/wp\/v2\/pages\/17\/revisions\/1033"}],"wp:attachment":[{"href":"https:\/\/oldtownclinic.pl\/de\/wp-json\/wp\/v2\/media?parent=17"}],"curies":[{"name":"wp","href":"https:\/\/api.w.org\/{rel}","templated":true}]}}