{"id":19,"date":"2015-06-10T14:24:43","date_gmt":"2015-06-10T13:24:43","guid":{"rendered":"http:\/\/oldtownclinic.pl\/?page_id=19"},"modified":"2024-11-22T16:49:24","modified_gmt":"2024-11-22T15:49:24","slug":"onkologia","status":"publish","type":"page","link":"https:\/\/oldtownclinic.pl\/de\/onkologia\/","title":{"rendered":"Onkologie"},"content":{"rendered":"<p class=\"p1\">Onkologische Beratungsstelle in Old Town Clinic wurde mit Gedanke an<\/p>\n<p class=\"p3\"><span class=\"s1\">Onkologischen Patienten, die gerne mehr \u00fcber ihrer Krankheit wissen m\u00f6chten<span class=\"Apple-converted-space\">\u00a0 <\/span>und im Heilungsproze\u00df<span class=\"Apple-converted-space\">\u00a0 <\/span>nehmen teil sowie vollkomm von neusten Erfolgen der Medizin nutzen m\u00f6chten.<\/span><\/p>\n<p class=\"p3\"><span class=\"s1\">Die onkologische Beratungsstelle ist von Dr. n. med. Jacek Calik Oberassistent in Abteilung der<span class=\"Apple-converted-space\">\u00a0 <\/span>Geschwulstklinik<span class=\"Apple-converted-space\">\u00a0 <\/span>Niederschlesischen<span class=\"Apple-converted-space\">\u00a0 <\/span>Zentrum Onkologie gef\u00fchrt. Im Rahmen onkologischer Beratungsstelle arbeiten wir mit besten. Spezialisten von Gebiet der Chirurgie, Klinikonkologie, Radiotherapie und H\u00e4matologie<span class=\"Apple-converted-space\">\u00a0 <\/span>zusammen.<br \/>\nIn Old Town Clinic f\u00fchren wir breit gemeinte Diagnose, Heilung und Kontrolle in Beobachtung nach der Heilung der Geschwulstmehrheit. Wir wissen, da\u00df<span class=\"Apple-converted-space\">\u00a0 <\/span>in onkologischer<span class=\"Apple-converted-space\">\u00a0 <\/span>Beratungsstelle<span class=\"Apple-converted-space\">\u00a0 <\/span>in der Sie behandelt und<span class=\"Apple-converted-space\">\u00a0 <\/span>kontrolliert<span class=\"Apple-converted-space\">\u00a0 <\/span>sind, nicht immer<span class=\"Apple-converted-space\">\u00a0 <\/span>Zeit f\u00fcr<span class=\"Apple-converted-space\">\u00a0 <\/span>Besprechung ist.<\/span><\/p>\n<p class=\"p3\"><span class=\"s1\">Wir<span class=\"Apple-converted-space\">\u00a0 <\/span>erkennen, da\u00df Ihr Arzt wegen des Arbeitsandrangs nicht immer<span class=\"Apple-converted-space\">\u00a0 <\/span>so viel Zeit Ihnen zu widmen kann, wieviel Sie brauchen . Es passiert oft, da\u00df Sie nicht Ihren behandelnden Arzt haben, da die Rotation der \u00c4rzte in den Kliniken ist sehr hoch. Kommen Sie zu uns, wir haben Zeit f\u00fcr Sie. Wir brauchen nicht uns zu beeilen . Sie k\u00f6nnen jederzeit in gegebenem Gebiet<span class=\"Apple-converted-space\">\u00a0 <\/span>aktuelle Behandlung diskutieren , erkundigen Sie sich \u00fcber weitere M\u00f6glichkeiten f\u00fcr therapeutische, diagnostische Methoden . Wir helfen<span class=\"Apple-converted-space\">\u00a0 <\/span>Ihnen, neue M\u00f6glichkeiten zu finden , wie therapeutische, in<span class=\"Apple-converted-space\">\u00a0 <\/span>Rahmen klinischen Studien in der Onkologie-Zentren in Polen und in der Welt oder in einem anderen Zentrum in Ihrer Stadt .<\/span><\/p>\n<p class=\"p5\"><span class=\"s1\">Wir sind bewu\u00dft , da\u00df das Thema der Behandlung Ihrer Krankheit ist nicht einfach. Jeder Arzt kann das Problem etwas anders sehen, im Ergebnis haben Sie Zweifel , ob alles schon gemacht worden ist, was m\u00f6glich war und ob Sie im Endeffekt<span class=\"Apple-converted-space\">\u00a0 <\/span>gut behandelt sind.<\/span><\/p>\n<p class=\"p5\"><span class=\"s1\">Zusammen mit Ihnen k\u00f6nnen wir diesen schwierigen<span class=\"Apple-converted-space\">\u00a0 <\/span>Weg bew\u00e4ltigen hinweisend Ihnen auf die entsprechende Richtung.<\/span><\/p>\n<p class=\"p5\"><span class=\"s1\">Das zweite Segment unserer T\u00e4tigkeit<span class=\"Apple-converted-space\">\u00a0 <\/span>ist Hautdiagnostik &#8211; Einsch\u00e4tzung pigmentierter Hautver\u00e4nderungen und Behandlung von Hautkrebs .<\/span><\/p>\n<p class=\"p5\"><span class=\"s1\">MD, PhD . Jacek.Calik spezialisiert in der Diagnose und Behandlung von Hautkrebs. <span class=\"Apple-converted-space\">\u00a0 \u00a0 \u00a0 \u00a0 \u00a0 \u00a0 \u00a0 \u00a0 \u00a0 \u00a0 \u00a0<\/span><\/span><\/p>\n<p class=\"p3\"><span class=\"s1\">Seit etwa acht Jahren f\u00fchrt er in DOLMED<span class=\"Apple-converted-space\">\u00a0 <\/span>Video Dermatsokope-Studio, um die Fr\u00fcherkennung von Hautkrankheiten in der Niederschlesischen Onkologiezentrum<span class=\"Apple-converted-space\">\u00a0 <\/span>spezialisiert und<span class=\"Apple-converted-space\">\u00a0 <\/span>leitet Hautkrebs- Behandlung mit modernen Methoden, unter anderen<span class=\"Apple-converted-space\">\u00a0 <\/span>Chemotherapie oder Immuntherapie Behandlungen Molekular.<\/span><\/p>\n<p class=\"p3\"><span class=\"s1\">Unsere Aufgabe ist in erster auf eine Pr\u00e4vention von Krebs gelegt. Wir forschen Dermatoskopie mit der digitalen Archivierung , die derzeit die beste Methode zur Pr\u00e4vention von Hautkrebs<span class=\"Apple-converted-space\">\u00a0 <\/span>ist. <\/span><\/p>\n<p class=\"p3\"><span class=\"s1\">Im Behandlungsraum der Klinik f\u00fchren wir chirurgische Entfernungen von Hautl\u00e4sionen<span class=\"Apple-converted-space\">\u00a0 <\/span>und<span class=\"Apple-converted-space\">\u00a0 <\/span>bieten wir auch diagnostische Biopsien an.<\/span><\/p>\n<p class=\"p3\"><span class=\"s1\">Wir arbeiten mit einem erfahrenen Pathologie , dem der Professor<span class=\"Apple-converted-space\">\u00a0 <\/span>Andrzej Wojnar ist .<\/span><\/p>\n<p class=\"p3\"><span class=\"s1\">Bei uns sind unsere Behandlungen reibungslos mit besten onkologischer Praxis <\/span><\/p>\n<p class=\"p3\"><span class=\"s1\">durchgef\u00fchrt<span class=\"Apple-converted-space\">\u00a0 <\/span>und<span class=\"Apple-converted-space\">\u00a0 <\/span>innerhalb von wenigen Tagen<span class=\"Apple-converted-space\">\u00a0 <\/span>werden Sie<span class=\"Apple-converted-space\">\u00a0 <\/span>ein zuverl\u00e4\u00dfiges histopathologisches Ergebnis haben. Sie m\u00fc\u00dfen nicht bis zu mehreren Wochen f\u00fcr die Operation dann noch die n\u00e4chsten Wochen f\u00fcr die histopathologische Punktzahl warten. Schnelle Diagnose verk\u00fcrzt den Weg zur Heilung . <\/span><\/p>\n<p class=\"p3\"><span class=\"s1\">Doch Ihre Gesundheit ist ja das Wichtigste.<\/span><\/p>\n","protected":false},"excerpt":{"rendered":"<p>Onkologische Beratungsstelle in Old Town Clinic wurde mit Gedanke an Onkologischen Patienten, die gerne mehr \u00fcber ihrer Krankheit wissen m\u00f6chten\u00a0 und im Heilungsproze\u00df\u00a0 nehmen teil sowie vollkomm von neusten Erfolgen der Medizin nutzen m\u00f6chten. Die onkologische Beratungsstelle ist von Dr. n. med. Jacek Calik Oberassistent in Abteilung der\u00a0 Geschwulstklinik\u00a0 Niederschlesischen\u00a0 Zentrum Onkologie gef\u00fchrt. Im Rahmen [&hellip;]<\/p>\n","protected":false},"author":1,"featured_media":0,"parent":0,"menu_order":0,"comment_status":"open","ping_status":"open","template":"","meta":{"_acf_changed":false,"footnotes":""},"class_list":["post-19","page","type-page","status-publish","hentry"],"translation":{"provider":"WPGlobus","version":"3.0.2","language":"de","enabled_languages":["pl","en","de"],"languages":{"pl":{"title":true,"content":true,"excerpt":false},"en":{"title":true,"content":true,"excerpt":false},"de":{"title":true,"content":true,"excerpt":false}}},"acf":[],"yoast_head":"<!-- This site is optimized with the Yoast SEO plugin v27.4 - https:\/\/yoast.com\/product\/yoast-seo-wordpress\/ -->\n<title>Onkologie - Old Town Clinic Wroc\u0142aw<\/title>\n<meta name=\"robots\" content=\"index, follow, max-snippet:-1, max-image-preview:large, max-video-preview:-1\" \/>\n<link rel=\"canonical\" href=\"https:\/\/oldtownclinic.pl\/onkologia\/\" \/>\n<script type=\"application\/ld+json\" class=\"yoast-schema-graph\">{\"@context\":\"https:\\\/\\\/schema.org\",\"@graph\":[{\"@type\":[\"WebPage\",\"MedicalWebPage\"],\"@id\":\"https:\\\/\\\/oldtownclinic.pl\\\/onkologia\\\/\",\"url\":\"https:\\\/\\\/oldtownclinic.pl\\\/onkologia\\\/\",\"name\":\"Onkologie - Old Town Clinic Wroc\u0142aw\",\"isPartOf\":{\"@id\":\"https:\\\/\\\/oldtownclinic.pl\\\/de\\\/#website\"},\"primaryImageOfPage\":{\"@id\":\"https:\\\/\\\/oldtownclinic.pl\\\/onkologia\\\/#primaryimage\"},\"image\":{\"@id\":\"https:\\\/\\\/oldtownclinic.pl\\\/onkologia\\\/#primaryimage\"},\"thumbnailUrl\":\"https:\\\/\\\/oldtownclinic.pl\\\/wp-content\\\/uploads\\\/2016\\\/08\\\/28-1024x684.jpg\",\"datePublished\":\"2015-06-10T13:24:43+00:00\",\"dateModified\":\"2024-11-22T15:49:24+00:00\",\"description\":\"Poradnia Onkologiczna we Wroc\u0142awiu, konsultacje, badania laboratoryjne i kliniczne. Specjali\u015bci z dziedziny chirurgii, onkologii klinicznej, radioterapii i hematologii.\",\"breadcrumb\":{\"@id\":\"https:\\\/\\\/oldtownclinic.pl\\\/onkologia\\\/#breadcrumb\"},\"inLanguage\":\"de-DE\",\"potentialAction\":[{\"@type\":\"ReadAction\",\"target\":[\"https:\\\/\\\/oldtownclinic.pl\\\/onkologia\\\/\"]}]},{\"@type\":\"ImageObject\",\"inLanguage\":\"de-DE\",\"@id\":\"https:\\\/\\\/oldtownclinic.pl\\\/onkologia\\\/#primaryimage\",\"url\":\"https:\\\/\\\/oldtownclinic.pl\\\/wp-content\\\/uploads\\\/2016\\\/08\\\/28-1024x684.jpg\",\"contentUrl\":\"https:\\\/\\\/oldtownclinic.pl\\\/wp-content\\\/uploads\\\/2016\\\/08\\\/28-1024x684.jpg\"},{\"@type\":\"BreadcrumbList\",\"@id\":\"https:\\\/\\\/oldtownclinic.pl\\\/onkologia\\\/#breadcrumb\",\"itemListElement\":[{\"@type\":\"ListItem\",\"position\":1,\"name\":\"Strona g\u0142\u00f3wna\",\"item\":\"https:\\\/\\\/oldtownclinic.pl\\\/de\\\/\"},{\"@type\":\"ListItem\",\"position\":2,\"name\":\"Onkologia\"}]},{\"@type\":\"WebSite\",\"@id\":\"https:\\\/\\\/oldtownclinic.pl\\\/de\\\/#website\",\"url\":\"https:\\\/\\\/oldtownclinic.pl\\\/de\\\/\",\"name\":\"Old Town Clinic\",\"description\":\"Klinika Old Town Clinic - Onkologia i Stomatologia\",\"publisher\":{\"@id\":\"https:\\\/\\\/oldtownclinic.pl\\\/de\\\/#organization\"},\"potentialAction\":[{\"@type\":\"SearchAction\",\"target\":{\"@type\":\"EntryPoint\",\"urlTemplate\":\"https:\\\/\\\/oldtownclinic.pl\\\/de\\\/?s={search_term_string}\"},\"query-input\":{\"@type\":\"PropertyValueSpecification\",\"valueRequired\":true,\"valueName\":\"search_term_string\"}}],\"inLanguage\":\"de-DE\"},{\"@type\":\"Organization\",\"@id\":\"https:\\\/\\\/oldtownclinic.pl\\\/de\\\/#organization\",\"name\":\"Old Town Clinic\",\"url\":\"https:\\\/\\\/oldtownclinic.pl\\\/de\\\/\",\"logo\":{\"@type\":\"ImageObject\",\"inLanguage\":\"de-DE\",\"@id\":\"https:\\\/\\\/oldtownclinic.pl\\\/de\\\/#\\\/schema\\\/logo\\\/image\\\/\",\"url\":\"https:\\\/\\\/oldtownclinic.pl\\\/wp-content\\\/uploads\\\/2020\\\/11\\\/11403107_1614297772162163_1743189168332512043_n.jpg\",\"contentUrl\":\"https:\\\/\\\/oldtownclinic.pl\\\/wp-content\\\/uploads\\\/2020\\\/11\\\/11403107_1614297772162163_1743189168332512043_n.jpg\",\"width\":300,\"height\":300,\"caption\":\"Old Town Clinic\"},\"image\":{\"@id\":\"https:\\\/\\\/oldtownclinic.pl\\\/de\\\/#\\\/schema\\\/logo\\\/image\\\/\"},\"sameAs\":[\"https:\\\/\\\/www.facebook.com\\\/Old-Town-Clinic-1602020446723229\"]}]}<\/script>\n<!-- \/ Yoast SEO plugin. -->","yoast_head_json":{"title":"Onkologie - Old Town Clinic Wroc\u0142aw","robots":{"index":"index","follow":"follow","max-snippet":"max-snippet:-1","max-image-preview":"max-image-preview:large","max-video-preview":"max-video-preview:-1"},"canonical":"https:\/\/oldtownclinic.pl\/onkologia\/","schema":{"@context":"https:\/\/schema.org","@graph":[{"@type":["WebPage","MedicalWebPage"],"@id":"https:\/\/oldtownclinic.pl\/onkologia\/","url":"https:\/\/oldtownclinic.pl\/onkologia\/","name":"Onkologie - Old Town Clinic Wroc\u0142aw","isPartOf":{"@id":"https:\/\/oldtownclinic.pl\/de\/#website"},"primaryImageOfPage":{"@id":"https:\/\/oldtownclinic.pl\/onkologia\/#primaryimage"},"image":{"@id":"https:\/\/oldtownclinic.pl\/onkologia\/#primaryimage"},"thumbnailUrl":"https:\/\/oldtownclinic.pl\/wp-content\/uploads\/2016\/08\/28-1024x684.jpg","datePublished":"2015-06-10T13:24:43+00:00","dateModified":"2024-11-22T15:49:24+00:00","description":"Poradnia Onkologiczna we Wroc\u0142awiu, konsultacje, badania laboratoryjne i kliniczne. Specjali\u015bci z dziedziny chirurgii, onkologii klinicznej, radioterapii i hematologii.","breadcrumb":{"@id":"https:\/\/oldtownclinic.pl\/onkologia\/#breadcrumb"},"inLanguage":"de-DE","potentialAction":[{"@type":"ReadAction","target":["https:\/\/oldtownclinic.pl\/onkologia\/"]}]},{"@type":"ImageObject","inLanguage":"de-DE","@id":"https:\/\/oldtownclinic.pl\/onkologia\/#primaryimage","url":"https:\/\/oldtownclinic.pl\/wp-content\/uploads\/2016\/08\/28-1024x684.jpg","contentUrl":"https:\/\/oldtownclinic.pl\/wp-content\/uploads\/2016\/08\/28-1024x684.jpg"},{"@type":"BreadcrumbList","@id":"https:\/\/oldtownclinic.pl\/onkologia\/#breadcrumb","itemListElement":[{"@type":"ListItem","position":1,"name":"Strona g\u0142\u00f3wna","item":"https:\/\/oldtownclinic.pl\/de\/"},{"@type":"ListItem","position":2,"name":"Onkologia"}]},{"@type":"WebSite","@id":"https:\/\/oldtownclinic.pl\/de\/#website","url":"https:\/\/oldtownclinic.pl\/de\/","name":"Old Town Clinic","description":"Klinika Old Town Clinic - Onkologia i Stomatologia","publisher":{"@id":"https:\/\/oldtownclinic.pl\/de\/#organization"},"potentialAction":[{"@type":"SearchAction","target":{"@type":"EntryPoint","urlTemplate":"https:\/\/oldtownclinic.pl\/de\/?s={search_term_string}"},"query-input":{"@type":"PropertyValueSpecification","valueRequired":true,"valueName":"search_term_string"}}],"inLanguage":"de-DE"},{"@type":"Organization","@id":"https:\/\/oldtownclinic.pl\/de\/#organization","name":"Old Town Clinic","url":"https:\/\/oldtownclinic.pl\/de\/","logo":{"@type":"ImageObject","inLanguage":"de-DE","@id":"https:\/\/oldtownclinic.pl\/de\/#\/schema\/logo\/image\/","url":"https:\/\/oldtownclinic.pl\/wp-content\/uploads\/2020\/11\/11403107_1614297772162163_1743189168332512043_n.jpg","contentUrl":"https:\/\/oldtownclinic.pl\/wp-content\/uploads\/2020\/11\/11403107_1614297772162163_1743189168332512043_n.jpg","width":300,"height":300,"caption":"Old Town Clinic"},"image":{"@id":"https:\/\/oldtownclinic.pl\/de\/#\/schema\/logo\/image\/"},"sameAs":["https:\/\/www.facebook.com\/Old-Town-Clinic-1602020446723229"]}]}},"_links":{"self":[{"href":"https:\/\/oldtownclinic.pl\/de\/wp-json\/wp\/v2\/pages\/19","targetHints":{"allow":["GET"]}}],"collection":[{"href":"https:\/\/oldtownclinic.pl\/de\/wp-json\/wp\/v2\/pages"}],"about":[{"href":"https:\/\/oldtownclinic.pl\/de\/wp-json\/wp\/v2\/types\/page"}],"author":[{"embeddable":true,"href":"https:\/\/oldtownclinic.pl\/de\/wp-json\/wp\/v2\/users\/1"}],"replies":[{"embeddable":true,"href":"https:\/\/oldtownclinic.pl\/de\/wp-json\/wp\/v2\/comments?post=19"}],"version-history":[{"count":11,"href":"https:\/\/oldtownclinic.pl\/de\/wp-json\/wp\/v2\/pages\/19\/revisions"}],"predecessor-version":[{"id":1524,"href":"https:\/\/oldtownclinic.pl\/de\/wp-json\/wp\/v2\/pages\/19\/revisions\/1524"}],"wp:attachment":[{"href":"https:\/\/oldtownclinic.pl\/de\/wp-json\/wp\/v2\/media?parent=19"}],"curies":[{"name":"wp","href":"https:\/\/api.w.org\/{rel}","templated":true}]}}