{"id":21,"date":"2015-06-10T14:25:04","date_gmt":"2015-06-10T13:25:04","guid":{"rendered":"http:\/\/oldtownclinic.pl\/?page_id=21"},"modified":"2021-04-25T18:20:06","modified_gmt":"2021-04-25T17:20:06","slug":"stomatologia","status":"publish","type":"page","link":"https:\/\/oldtownclinic.pl\/de\/stomatologia\/","title":{"rendered":"Stomatologie"},"content":{"rendered":"<p><img loading=\"lazy\" decoding=\"async\" class=\"alignright size-full wp-image-136\" src=\"http:\/\/oldtownclinic.pl\/wp-content\/uploads\/2015\/06\/gabinet-stomatologiczny.jpg\" alt=\"Gabinet stomatologiczny\" width=\"280\" height=\"299\" \/><\/p>\n<p class=\"p1\"><span class=\"s1\">Ich freue mich , Sie im<span class=\"Apple-converted-space\">\u00a0 <\/span>Zahnambulatorium<span class=\"Apple-converted-space\">\u00a0 <\/span>Old Town Clinic<span class=\"Apple-converted-space\">\u00a0 <\/span>willkommen zu begr\u00fc\u00dfen. Es ist eine Klinik, die<span class=\"Apple-converted-space\">\u00a0 <\/span>die Frucht<span class=\"Apple-converted-space\">\u00a0 <\/span>meiner<span class=\"Apple-converted-space\">\u00a0 <\/span>Leidenschaft und meine berufliche Tr\u00e4ume sind.<\/span><\/p>\n<p class=\"p1\"><span class=\"s1\">Unser Schwerpunkt legen wir auf Zuverl\u00e4ssigkeitspr\u00fcfung und der Komplexit\u00e4t der Behandlung. <\/span><\/p>\n<p class=\"p1\"><span class=\"s1\">Wir bieten Dienstleistungen im Bereich der Zahnmedizin , P\u00e4diatrie, Zahnprothetik und Oralchirurgie und Implantologie an. <\/span><\/p>\n<p class=\"p1\"><span class=\"s1\">In Hinsicht auf Spezialisierung, die ich habe, m\u00f6chte ich insbesondere Weise Sie von unseren Dienstleistungen der Prothetik zu nutzen,<span class=\"Apple-converted-space\">\u00a0 <\/span>ermuntern.<span class=\"Apple-converted-space\">\u00a0 <\/span>Seit 10 Jahren verbreite ich meine Geschicklichkeit in derer ich im Jahre 2013 ein<span class=\"Apple-converted-space\">\u00a0 <\/span>Diplom Spezialist im Gebiet der stomatologischen Prothetik bekommen habe.<span class=\"Apple-converted-space\">\u00a0 <\/span>Ich befasse mich \u00e4sthetische Prothetik (keramische Z\u00e4hne, keramische Zahnkronen) und voller prothetischer Rehabilitierung, die zur Wiederherstellung der<span class=\"Apple-converted-space\">\u00a0 <\/span>Kauen-Funktion strebt.<\/span><\/p>\n<p class=\"p1\"><span class=\"s1\">Herzlich lade ich zu kostenloser Beratung ein, um eine vollst\u00e4ndige Diagnose durchzuf\u00fchren und einen Behandlungsplan zu entwickeln.<\/span><\/p>\n<p class=\"p1\"><span class=\"s1\">Wir werden uns um weitere sukzesive<span class=\"Apple-converted-space\">\u00a0 <\/span>Entwicklung unseres Angebotes bem\u00fchen,<span class=\"Apple-converted-space\">\u00a0 <\/span>damit Erwartungen jedes Patient gerecht zu werden. <\/span><\/p>\n<p class=\"p1\"><span class=\"s1\">Wir laden Sie herzlich zum Besuch unserer Webseite, um die Aktualit\u00e4ten und neueste Angebote kennenzulernen.<\/span><\/p>\n<p class=\"p1\"><span class=\"s1\">Zahnarzt Catherine Calik<br \/>\n<\/span><span class=\"s1\">Prothetik-Spezialist<br \/>\n<\/span><span class=\"s1\">mit der Mannschaft<\/span><\/p>\n","protected":false},"excerpt":{"rendered":"<p>Ich freue mich , Sie im\u00a0 Zahnambulatorium\u00a0 Old Town Clinic\u00a0 willkommen zu begr\u00fc\u00dfen. Es ist eine Klinik, die\u00a0 die Frucht\u00a0 meiner\u00a0 Leidenschaft und meine berufliche Tr\u00e4ume sind. Unser Schwerpunkt legen wir auf Zuverl\u00e4ssigkeitspr\u00fcfung und der Komplexit\u00e4t der Behandlung. Wir bieten Dienstleistungen im Bereich der Zahnmedizin , P\u00e4diatrie, Zahnprothetik und Oralchirurgie und Implantologie an. In Hinsicht [&hellip;]<\/p>\n","protected":false},"author":1,"featured_media":0,"parent":0,"menu_order":0,"comment_status":"open","ping_status":"open","template":"","meta":{"_acf_changed":false,"footnotes":""},"class_list":["post-21","page","type-page","status-publish","hentry"],"translation":{"provider":"WPGlobus","version":"3.0.2","language":"de","enabled_languages":["pl","en","de"],"languages":{"pl":{"title":true,"content":true,"excerpt":false},"en":{"title":true,"content":true,"excerpt":false},"de":{"title":true,"content":true,"excerpt":false}}},"acf":[],"yoast_head":"<!-- This site is optimized with the Yoast SEO plugin v27.4 - https:\/\/yoast.com\/product\/yoast-seo-wordpress\/ -->\n<title>Stomatologie - Old Town Clinic<\/title>\n<meta name=\"robots\" content=\"index, follow, max-snippet:-1, max-image-preview:large, max-video-preview:-1\" \/>\n<link rel=\"canonical\" href=\"https:\/\/oldtownclinic.pl\/stomatologia\/\" \/>\n<script type=\"application\/ld+json\" class=\"yoast-schema-graph\">{\"@context\":\"https:\\\/\\\/schema.org\",\"@graph\":[{\"@type\":\"WebPage\",\"@id\":\"https:\\\/\\\/oldtownclinic.pl\\\/stomatologia\\\/\",\"url\":\"https:\\\/\\\/oldtownclinic.pl\\\/stomatologia\\\/\",\"name\":\"Stomatologie - Old Town Clinic\",\"isPartOf\":{\"@id\":\"https:\\\/\\\/oldtownclinic.pl\\\/de\\\/#website\"},\"primaryImageOfPage\":{\"@id\":\"https:\\\/\\\/oldtownclinic.pl\\\/stomatologia\\\/#primaryimage\"},\"image\":{\"@id\":\"https:\\\/\\\/oldtownclinic.pl\\\/stomatologia\\\/#primaryimage\"},\"thumbnailUrl\":\"http:\\\/\\\/oldtownclinic.pl\\\/wp-content\\\/uploads\\\/2016\\\/08\\\/24.jpg\",\"datePublished\":\"2015-06-10T13:25:04+00:00\",\"dateModified\":\"2021-04-25T17:20:06+00:00\",\"breadcrumb\":{\"@id\":\"https:\\\/\\\/oldtownclinic.pl\\\/stomatologia\\\/#breadcrumb\"},\"inLanguage\":\"de-DE\",\"potentialAction\":[{\"@type\":\"ReadAction\",\"target\":[\"https:\\\/\\\/oldtownclinic.pl\\\/stomatologia\\\/\"]}]},{\"@type\":\"ImageObject\",\"inLanguage\":\"de-DE\",\"@id\":\"https:\\\/\\\/oldtownclinic.pl\\\/stomatologia\\\/#primaryimage\",\"url\":\"http:\\\/\\\/oldtownclinic.pl\\\/wp-content\\\/uploads\\\/2016\\\/08\\\/24.jpg\",\"contentUrl\":\"http:\\\/\\\/oldtownclinic.pl\\\/wp-content\\\/uploads\\\/2016\\\/08\\\/24.jpg\"},{\"@type\":\"BreadcrumbList\",\"@id\":\"https:\\\/\\\/oldtownclinic.pl\\\/stomatologia\\\/#breadcrumb\",\"itemListElement\":[{\"@type\":\"ListItem\",\"position\":1,\"name\":\"Strona g\u0142\u00f3wna\",\"item\":\"https:\\\/\\\/oldtownclinic.pl\\\/de\\\/\"},{\"@type\":\"ListItem\",\"position\":2,\"name\":\"Stomatologia\"}]},{\"@type\":\"WebSite\",\"@id\":\"https:\\\/\\\/oldtownclinic.pl\\\/de\\\/#website\",\"url\":\"https:\\\/\\\/oldtownclinic.pl\\\/de\\\/\",\"name\":\"Old Town Clinic\",\"description\":\"Klinika Old Town Clinic - Onkologia i Stomatologia\",\"publisher\":{\"@id\":\"https:\\\/\\\/oldtownclinic.pl\\\/de\\\/#organization\"},\"potentialAction\":[{\"@type\":\"SearchAction\",\"target\":{\"@type\":\"EntryPoint\",\"urlTemplate\":\"https:\\\/\\\/oldtownclinic.pl\\\/de\\\/?s={search_term_string}\"},\"query-input\":{\"@type\":\"PropertyValueSpecification\",\"valueRequired\":true,\"valueName\":\"search_term_string\"}}],\"inLanguage\":\"de-DE\"},{\"@type\":\"Organization\",\"@id\":\"https:\\\/\\\/oldtownclinic.pl\\\/de\\\/#organization\",\"name\":\"Old Town Clinic\",\"url\":\"https:\\\/\\\/oldtownclinic.pl\\\/de\\\/\",\"logo\":{\"@type\":\"ImageObject\",\"inLanguage\":\"de-DE\",\"@id\":\"https:\\\/\\\/oldtownclinic.pl\\\/de\\\/#\\\/schema\\\/logo\\\/image\\\/\",\"url\":\"https:\\\/\\\/oldtownclinic.pl\\\/wp-content\\\/uploads\\\/2020\\\/11\\\/11403107_1614297772162163_1743189168332512043_n.jpg\",\"contentUrl\":\"https:\\\/\\\/oldtownclinic.pl\\\/wp-content\\\/uploads\\\/2020\\\/11\\\/11403107_1614297772162163_1743189168332512043_n.jpg\",\"width\":300,\"height\":300,\"caption\":\"Old Town Clinic\"},\"image\":{\"@id\":\"https:\\\/\\\/oldtownclinic.pl\\\/de\\\/#\\\/schema\\\/logo\\\/image\\\/\"},\"sameAs\":[\"https:\\\/\\\/www.facebook.com\\\/Old-Town-Clinic-1602020446723229\"]}]}<\/script>\n<!-- \/ Yoast SEO plugin. -->","yoast_head_json":{"title":"Stomatologie - Old Town Clinic","robots":{"index":"index","follow":"follow","max-snippet":"max-snippet:-1","max-image-preview":"max-image-preview:large","max-video-preview":"max-video-preview:-1"},"canonical":"https:\/\/oldtownclinic.pl\/stomatologia\/","schema":{"@context":"https:\/\/schema.org","@graph":[{"@type":"WebPage","@id":"https:\/\/oldtownclinic.pl\/stomatologia\/","url":"https:\/\/oldtownclinic.pl\/stomatologia\/","name":"Stomatologie - Old Town Clinic","isPartOf":{"@id":"https:\/\/oldtownclinic.pl\/de\/#website"},"primaryImageOfPage":{"@id":"https:\/\/oldtownclinic.pl\/stomatologia\/#primaryimage"},"image":{"@id":"https:\/\/oldtownclinic.pl\/stomatologia\/#primaryimage"},"thumbnailUrl":"http:\/\/oldtownclinic.pl\/wp-content\/uploads\/2016\/08\/24.jpg","datePublished":"2015-06-10T13:25:04+00:00","dateModified":"2021-04-25T17:20:06+00:00","breadcrumb":{"@id":"https:\/\/oldtownclinic.pl\/stomatologia\/#breadcrumb"},"inLanguage":"de-DE","potentialAction":[{"@type":"ReadAction","target":["https:\/\/oldtownclinic.pl\/stomatologia\/"]}]},{"@type":"ImageObject","inLanguage":"de-DE","@id":"https:\/\/oldtownclinic.pl\/stomatologia\/#primaryimage","url":"http:\/\/oldtownclinic.pl\/wp-content\/uploads\/2016\/08\/24.jpg","contentUrl":"http:\/\/oldtownclinic.pl\/wp-content\/uploads\/2016\/08\/24.jpg"},{"@type":"BreadcrumbList","@id":"https:\/\/oldtownclinic.pl\/stomatologia\/#breadcrumb","itemListElement":[{"@type":"ListItem","position":1,"name":"Strona g\u0142\u00f3wna","item":"https:\/\/oldtownclinic.pl\/de\/"},{"@type":"ListItem","position":2,"name":"Stomatologia"}]},{"@type":"WebSite","@id":"https:\/\/oldtownclinic.pl\/de\/#website","url":"https:\/\/oldtownclinic.pl\/de\/","name":"Old Town Clinic","description":"Klinika Old Town Clinic - Onkologia i Stomatologia","publisher":{"@id":"https:\/\/oldtownclinic.pl\/de\/#organization"},"potentialAction":[{"@type":"SearchAction","target":{"@type":"EntryPoint","urlTemplate":"https:\/\/oldtownclinic.pl\/de\/?s={search_term_string}"},"query-input":{"@type":"PropertyValueSpecification","valueRequired":true,"valueName":"search_term_string"}}],"inLanguage":"de-DE"},{"@type":"Organization","@id":"https:\/\/oldtownclinic.pl\/de\/#organization","name":"Old Town Clinic","url":"https:\/\/oldtownclinic.pl\/de\/","logo":{"@type":"ImageObject","inLanguage":"de-DE","@id":"https:\/\/oldtownclinic.pl\/de\/#\/schema\/logo\/image\/","url":"https:\/\/oldtownclinic.pl\/wp-content\/uploads\/2020\/11\/11403107_1614297772162163_1743189168332512043_n.jpg","contentUrl":"https:\/\/oldtownclinic.pl\/wp-content\/uploads\/2020\/11\/11403107_1614297772162163_1743189168332512043_n.jpg","width":300,"height":300,"caption":"Old Town Clinic"},"image":{"@id":"https:\/\/oldtownclinic.pl\/de\/#\/schema\/logo\/image\/"},"sameAs":["https:\/\/www.facebook.com\/Old-Town-Clinic-1602020446723229"]}]}},"_links":{"self":[{"href":"https:\/\/oldtownclinic.pl\/de\/wp-json\/wp\/v2\/pages\/21","targetHints":{"allow":["GET"]}}],"collection":[{"href":"https:\/\/oldtownclinic.pl\/de\/wp-json\/wp\/v2\/pages"}],"about":[{"href":"https:\/\/oldtownclinic.pl\/de\/wp-json\/wp\/v2\/types\/page"}],"author":[{"embeddable":true,"href":"https:\/\/oldtownclinic.pl\/de\/wp-json\/wp\/v2\/users\/1"}],"replies":[{"embeddable":true,"href":"https:\/\/oldtownclinic.pl\/de\/wp-json\/wp\/v2\/comments?post=21"}],"version-history":[{"count":10,"href":"https:\/\/oldtownclinic.pl\/de\/wp-json\/wp\/v2\/pages\/21\/revisions"}],"predecessor-version":[{"id":1015,"href":"https:\/\/oldtownclinic.pl\/de\/wp-json\/wp\/v2\/pages\/21\/revisions\/1015"}],"wp:attachment":[{"href":"https:\/\/oldtownclinic.pl\/de\/wp-json\/wp\/v2\/media?parent=21"}],"curies":[{"name":"wp","href":"https:\/\/api.w.org\/{rel}","templated":true}]}}