{"id":27,"date":"2015-06-10T14:26:11","date_gmt":"2015-06-10T13:26:11","guid":{"rendered":"http:\/\/oldtownclinic.pl\/?page_id=27"},"modified":"2026-02-25T16:23:31","modified_gmt":"2026-02-25T15:23:31","slug":"cennik","status":"publish","type":"page","link":"https:\/\/oldtownclinic.pl\/de\/cennik\/","title":{"rendered":"Preisliste"},"content":{"rendered":"<h2>Onkologische Poliklinik:<\/h2>\n<p>Onkologische Beratung 250 z\u0142<br \/>\nChirurgische Beratung 250 z\u0142<br \/>\nVideo Dermatoskopie 350 z\u0142<br \/>\nChirurgische Entfernung einer L\u00e4sion von 1 cm 350 z\u0142<br \/>\nChirurgische Entfernung zwei Hautl\u00e4sionen bis zu 1 cm\u00a0 400 z\u0142<br \/>\nStanzbiopsie ( ein Punkt der Stanzbiopsie )\u00a0 250 z\u0142<\/p>\n<h2>Zahnarztklinik:<\/h2>\n<p>Vereinbaren Si\u0119 einen kostenlosen Besuch. Nach der Untersuchung von Arzt erhalten Sie detaililierte Informationen \u00fcber die Kosten der geplanten Behandlung. Wenn Sie Fragen haben, stehen wir zur Verf\u00fcgung.<\/p>\n","protected":false},"excerpt":{"rendered":"<p>Onkologische Poliklinik: Onkologische Beratung 250 z\u0142 Chirurgische Beratung 250 z\u0142 Video Dermatoskopie 350 z\u0142 Chirurgische Entfernung einer L\u00e4sion von 1 cm 350 z\u0142 Chirurgische Entfernung zwei Hautl\u00e4sionen bis zu 1 cm\u00a0 400 z\u0142 Stanzbiopsie ( ein Punkt der Stanzbiopsie )\u00a0 250 z\u0142 Zahnarztklinik: Vereinbaren Si\u0119 einen kostenlosen Besuch. Nach der Untersuchung von Arzt erhalten Sie [&hellip;]<\/p>\n","protected":false},"author":1,"featured_media":0,"parent":0,"menu_order":0,"comment_status":"open","ping_status":"open","template":"","meta":{"_acf_changed":false,"footnotes":""},"class_list":["post-27","page","type-page","status-publish","hentry"],"translation":{"provider":"WPGlobus","version":"3.0.2","language":"de","enabled_languages":["pl","en","de"],"languages":{"pl":{"title":true,"content":true,"excerpt":false},"en":{"title":true,"content":true,"excerpt":false},"de":{"title":true,"content":true,"excerpt":false}}},"acf":[],"yoast_head":"<!-- This site is optimized with the Yoast SEO plugin v27.4 - https:\/\/yoast.com\/product\/yoast-seo-wordpress\/ -->\n<title>Preisliste - Old Town Clinic<\/title>\n<meta name=\"robots\" content=\"index, follow, max-snippet:-1, max-image-preview:large, max-video-preview:-1\" \/>\n<link rel=\"canonical\" href=\"https:\/\/oldtownclinic.pl\/cennik\/\" \/>\n<script type=\"application\/ld+json\" class=\"yoast-schema-graph\">{\"@context\":\"https:\\\/\\\/schema.org\",\"@graph\":[{\"@type\":\"WebPage\",\"@id\":\"https:\\\/\\\/oldtownclinic.pl\\\/cennik\\\/\",\"url\":\"https:\\\/\\\/oldtownclinic.pl\\\/cennik\\\/\",\"name\":\"Preisliste - Old Town Clinic\",\"isPartOf\":{\"@id\":\"https:\\\/\\\/oldtownclinic.pl\\\/de\\\/#website\"},\"datePublished\":\"2015-06-10T13:26:11+00:00\",\"dateModified\":\"2026-02-25T15:23:31+00:00\",\"breadcrumb\":{\"@id\":\"https:\\\/\\\/oldtownclinic.pl\\\/cennik\\\/#breadcrumb\"},\"inLanguage\":\"de-DE\",\"potentialAction\":[{\"@type\":\"ReadAction\",\"target\":[\"https:\\\/\\\/oldtownclinic.pl\\\/cennik\\\/\"]}]},{\"@type\":\"BreadcrumbList\",\"@id\":\"https:\\\/\\\/oldtownclinic.pl\\\/cennik\\\/#breadcrumb\",\"itemListElement\":[{\"@type\":\"ListItem\",\"position\":1,\"name\":\"Strona g\u0142\u00f3wna\",\"item\":\"https:\\\/\\\/oldtownclinic.pl\\\/de\\\/\"},{\"@type\":\"ListItem\",\"position\":2,\"name\":\"Cennik\"}]},{\"@type\":\"WebSite\",\"@id\":\"https:\\\/\\\/oldtownclinic.pl\\\/de\\\/#website\",\"url\":\"https:\\\/\\\/oldtownclinic.pl\\\/de\\\/\",\"name\":\"Old Town Clinic\",\"description\":\"Klinika Old Town Clinic - Onkologia i Stomatologia\",\"publisher\":{\"@id\":\"https:\\\/\\\/oldtownclinic.pl\\\/de\\\/#organization\"},\"potentialAction\":[{\"@type\":\"SearchAction\",\"target\":{\"@type\":\"EntryPoint\",\"urlTemplate\":\"https:\\\/\\\/oldtownclinic.pl\\\/de\\\/?s={search_term_string}\"},\"query-input\":{\"@type\":\"PropertyValueSpecification\",\"valueRequired\":true,\"valueName\":\"search_term_string\"}}],\"inLanguage\":\"de-DE\"},{\"@type\":\"Organization\",\"@id\":\"https:\\\/\\\/oldtownclinic.pl\\\/de\\\/#organization\",\"name\":\"Old Town Clinic\",\"url\":\"https:\\\/\\\/oldtownclinic.pl\\\/de\\\/\",\"logo\":{\"@type\":\"ImageObject\",\"inLanguage\":\"de-DE\",\"@id\":\"https:\\\/\\\/oldtownclinic.pl\\\/de\\\/#\\\/schema\\\/logo\\\/image\\\/\",\"url\":\"https:\\\/\\\/oldtownclinic.pl\\\/wp-content\\\/uploads\\\/2020\\\/11\\\/11403107_1614297772162163_1743189168332512043_n.jpg\",\"contentUrl\":\"https:\\\/\\\/oldtownclinic.pl\\\/wp-content\\\/uploads\\\/2020\\\/11\\\/11403107_1614297772162163_1743189168332512043_n.jpg\",\"width\":300,\"height\":300,\"caption\":\"Old Town Clinic\"},\"image\":{\"@id\":\"https:\\\/\\\/oldtownclinic.pl\\\/de\\\/#\\\/schema\\\/logo\\\/image\\\/\"},\"sameAs\":[\"https:\\\/\\\/www.facebook.com\\\/Old-Town-Clinic-1602020446723229\"]}]}<\/script>\n<!-- \/ Yoast SEO plugin. -->","yoast_head_json":{"title":"Preisliste - Old Town Clinic","robots":{"index":"index","follow":"follow","max-snippet":"max-snippet:-1","max-image-preview":"max-image-preview:large","max-video-preview":"max-video-preview:-1"},"canonical":"https:\/\/oldtownclinic.pl\/cennik\/","schema":{"@context":"https:\/\/schema.org","@graph":[{"@type":"WebPage","@id":"https:\/\/oldtownclinic.pl\/cennik\/","url":"https:\/\/oldtownclinic.pl\/cennik\/","name":"Preisliste - Old Town Clinic","isPartOf":{"@id":"https:\/\/oldtownclinic.pl\/de\/#website"},"datePublished":"2015-06-10T13:26:11+00:00","dateModified":"2026-02-25T15:23:31+00:00","breadcrumb":{"@id":"https:\/\/oldtownclinic.pl\/cennik\/#breadcrumb"},"inLanguage":"de-DE","potentialAction":[{"@type":"ReadAction","target":["https:\/\/oldtownclinic.pl\/cennik\/"]}]},{"@type":"BreadcrumbList","@id":"https:\/\/oldtownclinic.pl\/cennik\/#breadcrumb","itemListElement":[{"@type":"ListItem","position":1,"name":"Strona g\u0142\u00f3wna","item":"https:\/\/oldtownclinic.pl\/de\/"},{"@type":"ListItem","position":2,"name":"Cennik"}]},{"@type":"WebSite","@id":"https:\/\/oldtownclinic.pl\/de\/#website","url":"https:\/\/oldtownclinic.pl\/de\/","name":"Old Town Clinic","description":"Klinika Old Town Clinic - Onkologia i Stomatologia","publisher":{"@id":"https:\/\/oldtownclinic.pl\/de\/#organization"},"potentialAction":[{"@type":"SearchAction","target":{"@type":"EntryPoint","urlTemplate":"https:\/\/oldtownclinic.pl\/de\/?s={search_term_string}"},"query-input":{"@type":"PropertyValueSpecification","valueRequired":true,"valueName":"search_term_string"}}],"inLanguage":"de-DE"},{"@type":"Organization","@id":"https:\/\/oldtownclinic.pl\/de\/#organization","name":"Old Town Clinic","url":"https:\/\/oldtownclinic.pl\/de\/","logo":{"@type":"ImageObject","inLanguage":"de-DE","@id":"https:\/\/oldtownclinic.pl\/de\/#\/schema\/logo\/image\/","url":"https:\/\/oldtownclinic.pl\/wp-content\/uploads\/2020\/11\/11403107_1614297772162163_1743189168332512043_n.jpg","contentUrl":"https:\/\/oldtownclinic.pl\/wp-content\/uploads\/2020\/11\/11403107_1614297772162163_1743189168332512043_n.jpg","width":300,"height":300,"caption":"Old Town Clinic"},"image":{"@id":"https:\/\/oldtownclinic.pl\/de\/#\/schema\/logo\/image\/"},"sameAs":["https:\/\/www.facebook.com\/Old-Town-Clinic-1602020446723229"]}]}},"_links":{"self":[{"href":"https:\/\/oldtownclinic.pl\/de\/wp-json\/wp\/v2\/pages\/27","targetHints":{"allow":["GET"]}}],"collection":[{"href":"https:\/\/oldtownclinic.pl\/de\/wp-json\/wp\/v2\/pages"}],"about":[{"href":"https:\/\/oldtownclinic.pl\/de\/wp-json\/wp\/v2\/types\/page"}],"author":[{"embeddable":true,"href":"https:\/\/oldtownclinic.pl\/de\/wp-json\/wp\/v2\/users\/1"}],"replies":[{"embeddable":true,"href":"https:\/\/oldtownclinic.pl\/de\/wp-json\/wp\/v2\/comments?post=27"}],"version-history":[{"count":75,"href":"https:\/\/oldtownclinic.pl\/de\/wp-json\/wp\/v2\/pages\/27\/revisions"}],"predecessor-version":[{"id":1692,"href":"https:\/\/oldtownclinic.pl\/de\/wp-json\/wp\/v2\/pages\/27\/revisions\/1692"}],"wp:attachment":[{"href":"https:\/\/oldtownclinic.pl\/de\/wp-json\/wp\/v2\/media?parent=27"}],"curies":[{"name":"wp","href":"https:\/\/api.w.org\/{rel}","templated":true}]}}