{"id":71,"date":"2015-06-16T14:26:37","date_gmt":"2015-06-16T13:26:37","guid":{"rendered":"http:\/\/oldtownclinic.pl\/?page_id=71"},"modified":"2015-10-13T19:19:56","modified_gmt":"2015-10-13T18:19:56","slug":"dermatoskopia","status":"publish","type":"page","link":"https:\/\/oldtownclinic.pl\/de\/onkologia\/dermatoskopia\/","title":{"rendered":"Dermatoskopie"},"content":{"rendered":"<p><strong><img loading=\"lazy\" decoding=\"async\" class=\"alignright size-medium wp-image-102\" src=\"http:\/\/oldtownclinic.pl\/wp-content\/uploads\/2015\/06\/Heine-delata-201-300x246.jpg\" alt=\"Dermatoskop Heine delata 20\" width=\"300\" height=\"246\" srcset=\"https:\/\/oldtownclinic.pl\/wp-content\/uploads\/2015\/06\/Heine-delata-201-300x246.jpg 300w, https:\/\/oldtownclinic.pl\/wp-content\/uploads\/2015\/06\/Heine-delata-201.jpg 600w\" sizes=\"auto, (max-width: 300px) 100vw, 300px\" \/><\/strong><\/p>\n<p class=\"p1\"><span class=\"s1\"><strong>Dermatoskopie<\/strong> ist eine einfache und bew\u00e4hrte diagnostische Verfahren<span class=\"Apple-converted-space\">\u00a0 <\/span>das zu beobachten L\u00e4sionen bei hoher Vergr\u00f6\u00dferung dient. Ein Dermatoskop in den H\u00e4nden eines erfahrenen Onkologe wird das perfekte Werkzeug, um eine korrekte Diagnose zu erleichtern, wie f\u00fcr die Fr\u00fcherkennung von Melanomen, was \u00fcber das Leben<span class=\"Apple-converted-space\">\u00a0 <\/span>entscheiden kann .<\/span><\/p>\n<p class=\"p1\"><span class=\"s1\">Dermatoskopische Behandlung ist nicht-invasiv , schmerzlose, mit der M\u00f6glichkeit der Archivierung der Befragten L\u00e4sionen und nach einer Zeit verglichen werden . Es erm\u00f6glicht den Nachweis von Melanom und Hautkrebs viel fr\u00fcher als mit herk\u00f6mmlichen klinischen Beurteilung ( so genannte Studie. &#8220;Nakte Auge &#8220;).<\/span><\/p>\n<p class=\"p1\"><span class=\"s1\">Das<span class=\"Apple-converted-space\">\u00a0 <\/span>in Dermatoskop verwendete Licht dringt in die Haut ein, das die tiefer befindliche Struktur ersichtlich macht .<\/span><\/p>\n<p><strong>\u00a0<\/strong><\/p>\n","protected":false},"excerpt":{"rendered":"<p>Dermatoskopie ist eine einfache und bew\u00e4hrte diagnostische Verfahren\u00a0 das zu beobachten L\u00e4sionen bei hoher Vergr\u00f6\u00dferung dient. Ein Dermatoskop in den H\u00e4nden eines erfahrenen Onkologe wird das perfekte Werkzeug, um eine korrekte Diagnose zu erleichtern, wie f\u00fcr die Fr\u00fcherkennung von Melanomen, was \u00fcber das Leben\u00a0 entscheiden kann . Dermatoskopische Behandlung ist nicht-invasiv , schmerzlose, mit der [&hellip;]<\/p>\n","protected":false},"author":1,"featured_media":0,"parent":19,"menu_order":0,"comment_status":"open","ping_status":"open","template":"","meta":{"_acf_changed":false,"footnotes":""},"class_list":["post-71","page","type-page","status-publish","hentry"],"translation":{"provider":"WPGlobus","version":"3.0.2","language":"de","enabled_languages":["pl","en","de"],"languages":{"pl":{"title":true,"content":true,"excerpt":false},"en":{"title":true,"content":true,"excerpt":false},"de":{"title":true,"content":true,"excerpt":false}}},"acf":[],"yoast_head":"<!-- This site is optimized with the Yoast SEO plugin v27.4 - https:\/\/yoast.com\/product\/yoast-seo-wordpress\/ -->\n<title>Dermatoskopie - Old Town Clinic<\/title>\n<meta name=\"robots\" content=\"index, follow, max-snippet:-1, max-image-preview:large, max-video-preview:-1\" \/>\n<link rel=\"canonical\" href=\"https:\/\/oldtownclinic.pl\/onkologia\/dermatoskopia\/\" \/>\n<script type=\"application\/ld+json\" class=\"yoast-schema-graph\">{\"@context\":\"https:\\\/\\\/schema.org\",\"@graph\":[{\"@type\":\"WebPage\",\"@id\":\"https:\\\/\\\/oldtownclinic.pl\\\/onkologia\\\/dermatoskopia\\\/\",\"url\":\"https:\\\/\\\/oldtownclinic.pl\\\/onkologia\\\/dermatoskopia\\\/\",\"name\":\"Dermatoskopie - Old Town Clinic\",\"isPartOf\":{\"@id\":\"https:\\\/\\\/oldtownclinic.pl\\\/de\\\/#website\"},\"primaryImageOfPage\":{\"@id\":\"https:\\\/\\\/oldtownclinic.pl\\\/onkologia\\\/dermatoskopia\\\/#primaryimage\"},\"image\":{\"@id\":\"https:\\\/\\\/oldtownclinic.pl\\\/onkologia\\\/dermatoskopia\\\/#primaryimage\"},\"thumbnailUrl\":\"http:\\\/\\\/oldtownclinic.pl\\\/wp-content\\\/uploads\\\/2015\\\/06\\\/Heine-delata-201-300x246.jpg\",\"datePublished\":\"2015-06-16T13:26:37+00:00\",\"dateModified\":\"2015-10-13T18:19:56+00:00\",\"breadcrumb\":{\"@id\":\"https:\\\/\\\/oldtownclinic.pl\\\/onkologia\\\/dermatoskopia\\\/#breadcrumb\"},\"inLanguage\":\"de-DE\",\"potentialAction\":[{\"@type\":\"ReadAction\",\"target\":[\"https:\\\/\\\/oldtownclinic.pl\\\/onkologia\\\/dermatoskopia\\\/\"]}]},{\"@type\":\"ImageObject\",\"inLanguage\":\"de-DE\",\"@id\":\"https:\\\/\\\/oldtownclinic.pl\\\/onkologia\\\/dermatoskopia\\\/#primaryimage\",\"url\":\"http:\\\/\\\/oldtownclinic.pl\\\/wp-content\\\/uploads\\\/2015\\\/06\\\/Heine-delata-201-300x246.jpg\",\"contentUrl\":\"http:\\\/\\\/oldtownclinic.pl\\\/wp-content\\\/uploads\\\/2015\\\/06\\\/Heine-delata-201-300x246.jpg\"},{\"@type\":\"BreadcrumbList\",\"@id\":\"https:\\\/\\\/oldtownclinic.pl\\\/onkologia\\\/dermatoskopia\\\/#breadcrumb\",\"itemListElement\":[{\"@type\":\"ListItem\",\"position\":1,\"name\":\"Strona g\u0142\u00f3wna\",\"item\":\"https:\\\/\\\/oldtownclinic.pl\\\/de\\\/\"},{\"@type\":\"ListItem\",\"position\":2,\"name\":\"Onkologia\",\"item\":\"https:\\\/\\\/oldtownclinic.pl\\\/onkologia\\\/\"},{\"@type\":\"ListItem\",\"position\":3,\"name\":\"Dermatoskopia\"}]},{\"@type\":\"WebSite\",\"@id\":\"https:\\\/\\\/oldtownclinic.pl\\\/de\\\/#website\",\"url\":\"https:\\\/\\\/oldtownclinic.pl\\\/de\\\/\",\"name\":\"Old Town Clinic\",\"description\":\"Klinika Old Town Clinic - Onkologia i Stomatologia\",\"publisher\":{\"@id\":\"https:\\\/\\\/oldtownclinic.pl\\\/de\\\/#organization\"},\"potentialAction\":[{\"@type\":\"SearchAction\",\"target\":{\"@type\":\"EntryPoint\",\"urlTemplate\":\"https:\\\/\\\/oldtownclinic.pl\\\/de\\\/?s={search_term_string}\"},\"query-input\":{\"@type\":\"PropertyValueSpecification\",\"valueRequired\":true,\"valueName\":\"search_term_string\"}}],\"inLanguage\":\"de-DE\"},{\"@type\":\"Organization\",\"@id\":\"https:\\\/\\\/oldtownclinic.pl\\\/de\\\/#organization\",\"name\":\"Old Town Clinic\",\"url\":\"https:\\\/\\\/oldtownclinic.pl\\\/de\\\/\",\"logo\":{\"@type\":\"ImageObject\",\"inLanguage\":\"de-DE\",\"@id\":\"https:\\\/\\\/oldtownclinic.pl\\\/de\\\/#\\\/schema\\\/logo\\\/image\\\/\",\"url\":\"https:\\\/\\\/oldtownclinic.pl\\\/wp-content\\\/uploads\\\/2020\\\/11\\\/11403107_1614297772162163_1743189168332512043_n.jpg\",\"contentUrl\":\"https:\\\/\\\/oldtownclinic.pl\\\/wp-content\\\/uploads\\\/2020\\\/11\\\/11403107_1614297772162163_1743189168332512043_n.jpg\",\"width\":300,\"height\":300,\"caption\":\"Old Town Clinic\"},\"image\":{\"@id\":\"https:\\\/\\\/oldtownclinic.pl\\\/de\\\/#\\\/schema\\\/logo\\\/image\\\/\"},\"sameAs\":[\"https:\\\/\\\/www.facebook.com\\\/Old-Town-Clinic-1602020446723229\"]}]}<\/script>\n<!-- \/ Yoast SEO plugin. -->","yoast_head_json":{"title":"Dermatoskopie - Old Town Clinic","robots":{"index":"index","follow":"follow","max-snippet":"max-snippet:-1","max-image-preview":"max-image-preview:large","max-video-preview":"max-video-preview:-1"},"canonical":"https:\/\/oldtownclinic.pl\/onkologia\/dermatoskopia\/","schema":{"@context":"https:\/\/schema.org","@graph":[{"@type":"WebPage","@id":"https:\/\/oldtownclinic.pl\/onkologia\/dermatoskopia\/","url":"https:\/\/oldtownclinic.pl\/onkologia\/dermatoskopia\/","name":"Dermatoskopie - Old Town Clinic","isPartOf":{"@id":"https:\/\/oldtownclinic.pl\/de\/#website"},"primaryImageOfPage":{"@id":"https:\/\/oldtownclinic.pl\/onkologia\/dermatoskopia\/#primaryimage"},"image":{"@id":"https:\/\/oldtownclinic.pl\/onkologia\/dermatoskopia\/#primaryimage"},"thumbnailUrl":"http:\/\/oldtownclinic.pl\/wp-content\/uploads\/2015\/06\/Heine-delata-201-300x246.jpg","datePublished":"2015-06-16T13:26:37+00:00","dateModified":"2015-10-13T18:19:56+00:00","breadcrumb":{"@id":"https:\/\/oldtownclinic.pl\/onkologia\/dermatoskopia\/#breadcrumb"},"inLanguage":"de-DE","potentialAction":[{"@type":"ReadAction","target":["https:\/\/oldtownclinic.pl\/onkologia\/dermatoskopia\/"]}]},{"@type":"ImageObject","inLanguage":"de-DE","@id":"https:\/\/oldtownclinic.pl\/onkologia\/dermatoskopia\/#primaryimage","url":"http:\/\/oldtownclinic.pl\/wp-content\/uploads\/2015\/06\/Heine-delata-201-300x246.jpg","contentUrl":"http:\/\/oldtownclinic.pl\/wp-content\/uploads\/2015\/06\/Heine-delata-201-300x246.jpg"},{"@type":"BreadcrumbList","@id":"https:\/\/oldtownclinic.pl\/onkologia\/dermatoskopia\/#breadcrumb","itemListElement":[{"@type":"ListItem","position":1,"name":"Strona g\u0142\u00f3wna","item":"https:\/\/oldtownclinic.pl\/de\/"},{"@type":"ListItem","position":2,"name":"Onkologia","item":"https:\/\/oldtownclinic.pl\/onkologia\/"},{"@type":"ListItem","position":3,"name":"Dermatoskopia"}]},{"@type":"WebSite","@id":"https:\/\/oldtownclinic.pl\/de\/#website","url":"https:\/\/oldtownclinic.pl\/de\/","name":"Old Town Clinic","description":"Klinika Old Town Clinic - Onkologia i Stomatologia","publisher":{"@id":"https:\/\/oldtownclinic.pl\/de\/#organization"},"potentialAction":[{"@type":"SearchAction","target":{"@type":"EntryPoint","urlTemplate":"https:\/\/oldtownclinic.pl\/de\/?s={search_term_string}"},"query-input":{"@type":"PropertyValueSpecification","valueRequired":true,"valueName":"search_term_string"}}],"inLanguage":"de-DE"},{"@type":"Organization","@id":"https:\/\/oldtownclinic.pl\/de\/#organization","name":"Old Town Clinic","url":"https:\/\/oldtownclinic.pl\/de\/","logo":{"@type":"ImageObject","inLanguage":"de-DE","@id":"https:\/\/oldtownclinic.pl\/de\/#\/schema\/logo\/image\/","url":"https:\/\/oldtownclinic.pl\/wp-content\/uploads\/2020\/11\/11403107_1614297772162163_1743189168332512043_n.jpg","contentUrl":"https:\/\/oldtownclinic.pl\/wp-content\/uploads\/2020\/11\/11403107_1614297772162163_1743189168332512043_n.jpg","width":300,"height":300,"caption":"Old Town Clinic"},"image":{"@id":"https:\/\/oldtownclinic.pl\/de\/#\/schema\/logo\/image\/"},"sameAs":["https:\/\/www.facebook.com\/Old-Town-Clinic-1602020446723229"]}]}},"_links":{"self":[{"href":"https:\/\/oldtownclinic.pl\/de\/wp-json\/wp\/v2\/pages\/71","targetHints":{"allow":["GET"]}}],"collection":[{"href":"https:\/\/oldtownclinic.pl\/de\/wp-json\/wp\/v2\/pages"}],"about":[{"href":"https:\/\/oldtownclinic.pl\/de\/wp-json\/wp\/v2\/types\/page"}],"author":[{"embeddable":true,"href":"https:\/\/oldtownclinic.pl\/de\/wp-json\/wp\/v2\/users\/1"}],"replies":[{"embeddable":true,"href":"https:\/\/oldtownclinic.pl\/de\/wp-json\/wp\/v2\/comments?post=71"}],"version-history":[{"count":6,"href":"https:\/\/oldtownclinic.pl\/de\/wp-json\/wp\/v2\/pages\/71\/revisions"}],"predecessor-version":[{"id":248,"href":"https:\/\/oldtownclinic.pl\/de\/wp-json\/wp\/v2\/pages\/71\/revisions\/248"}],"up":[{"embeddable":true,"href":"https:\/\/oldtownclinic.pl\/de\/wp-json\/wp\/v2\/pages\/19"}],"wp:attachment":[{"href":"https:\/\/oldtownclinic.pl\/de\/wp-json\/wp\/v2\/media?parent=71"}],"curies":[{"name":"wp","href":"https:\/\/api.w.org\/{rel}","templated":true}]}}