{"id":75,"date":"2015-06-16T14:27:13","date_gmt":"2015-06-16T13:27:13","guid":{"rendered":"http:\/\/oldtownclinic.pl\/?page_id=75"},"modified":"2020-02-11T15:58:21","modified_gmt":"2020-02-11T14:58:21","slug":"zabiegi-chirurgiczne","status":"publish","type":"page","link":"https:\/\/oldtownclinic.pl\/de\/onkologia\/zabiegi-chirurgiczne\/","title":{"rendered":"Chirurgische Biopsie"},"content":{"rendered":"<p>Es ist eine klassische Methode zur Beseitigung einer verd\u00e4chtigen oder erkrankten L\u00e4sion.<br \/>\nNach der An\u00e4sthesie entfernt der Chirurg in entsprechendem Schnittrand mit Skalpell. Nach dem Entfernen von Gewebever\u00e4nderungen geht die Probe an die pathologische Labor , wo sie unter dem Mikroskop durch einen Pathologen Arzt untersucht wird.<\/p>\n<p class=\"p1\"><span class=\"s1\">Das Ergebnis dieser Studie geht an Chirurg-Arzt zur\u00fcck, um die Patienten vorzuliegen und\u00a0<\/span><span style=\"line-height: 1.5;\">weitere Therapieentscheidungen vorzunehmen.<\/span><\/p>\n<p class=\"p1\"><span class=\"s1\">Dies ist ein alternatives Verfahren zum Entfernen kleinen Hautl\u00e4sionen. Mit Hilfe einer speziellen Nadel kann man die Haut\u00e4nderungen bis Durchmesser von ca. 3 mm beseitigen. Nadelbiopsie schneidet eine \u00c4nderung in der Form eines perfekt \u201eausgeschnittenen\u201c Hautzylinders mit der behandelten<span class=\"Apple-converted-space\">\u00a0 <\/span>Ver\u00e4nderung zusammen. Die<span class=\"Apple-converted-space\">\u00a0 <\/span>mit Hilfe einer Stanzbiopsie entfernte<span class=\"Apple-converted-space\">\u00a0 <\/span>Gewebe wird an eine pathologische Labor geschickt um eine histopatologische<span class=\"Apple-converted-space\">\u00a0 <\/span>Beurteilung zu gewinnen. Es ist eine Alternative zur herk\u00f6mmlichen Chirurgie,<span class=\"Apple-converted-space\">\u00a0 <\/span>die besonders an Orten empfohlen, wo nach der Operation eine Operationsnarbe entstellt werden konnte.<\/span><\/p>\n<p class=\"p1\"><span class=\"s1\">Bei Hautver\u00e4nderungen , in denen die Studie-Dermatoskopie nicht eine klare Antwort \u00fcber die Art der Ver\u00e4nderung gibt, ist die Stanzbiopsie, die eine Methode von Wahl ist , da eindeutige Best\u00e4tigung der<span class=\"Apple-converted-space\">\u00a0 <\/span>histopathologischen Ver\u00e4nderungen , ohne Notwendigkeit der gesamten Beseitigung, die besonders n\u00fctzlich beispielsweise im Fall der Ver\u00e4nderungen auf Gesicht sein kann. Nach dem pathologischen Ergebnis kann eine endg\u00fcltige Entscheidung bez\u00fcglich<span class=\"Apple-converted-space\">\u00a0 <\/span>weiterer Theraphie zB. Exzision , Lasertherapie , Kryotherapie eventuell pharmalogische Therapie getroffen werden.<\/span><\/p>\n","protected":false},"excerpt":{"rendered":"<p>Es ist eine klassische Methode zur Beseitigung einer verd\u00e4chtigen oder erkrankten L\u00e4sion. Nach der An\u00e4sthesie entfernt der Chirurg in entsprechendem Schnittrand mit Skalpell. Nach dem Entfernen von Gewebever\u00e4nderungen geht die Probe an die pathologische Labor , wo sie unter dem Mikroskop durch einen Pathologen Arzt untersucht wird. Das Ergebnis dieser Studie geht an Chirurg-Arzt zur\u00fcck, [&hellip;]<\/p>\n","protected":false},"author":1,"featured_media":0,"parent":19,"menu_order":0,"comment_status":"open","ping_status":"open","template":"","meta":{"_acf_changed":false,"footnotes":""},"class_list":["post-75","page","type-page","status-publish","hentry"],"translation":{"provider":"WPGlobus","version":"3.0.2","language":"de","enabled_languages":["pl","en","de"],"languages":{"pl":{"title":true,"content":true,"excerpt":false},"en":{"title":true,"content":true,"excerpt":false},"de":{"title":true,"content":true,"excerpt":false}}},"acf":[],"yoast_head":"<!-- This site is optimized with the Yoast SEO plugin v27.4 - https:\/\/yoast.com\/product\/yoast-seo-wordpress\/ -->\n<title>Chirurgische Biopsie - Old Town Clinic<\/title>\n<meta name=\"robots\" content=\"index, follow, max-snippet:-1, max-image-preview:large, max-video-preview:-1\" \/>\n<link rel=\"canonical\" href=\"https:\/\/oldtownclinic.pl\/onkologia\/zabiegi-chirurgiczne\/\" \/>\n<script type=\"application\/ld+json\" class=\"yoast-schema-graph\">{\"@context\":\"https:\\\/\\\/schema.org\",\"@graph\":[{\"@type\":\"WebPage\",\"@id\":\"https:\\\/\\\/oldtownclinic.pl\\\/onkologia\\\/zabiegi-chirurgiczne\\\/\",\"url\":\"https:\\\/\\\/oldtownclinic.pl\\\/onkologia\\\/zabiegi-chirurgiczne\\\/\",\"name\":\"Chirurgische Biopsie - Old Town Clinic\",\"isPartOf\":{\"@id\":\"https:\\\/\\\/oldtownclinic.pl\\\/de\\\/#website\"},\"datePublished\":\"2015-06-16T13:27:13+00:00\",\"dateModified\":\"2020-02-11T14:58:21+00:00\",\"breadcrumb\":{\"@id\":\"https:\\\/\\\/oldtownclinic.pl\\\/onkologia\\\/zabiegi-chirurgiczne\\\/#breadcrumb\"},\"inLanguage\":\"de-DE\",\"potentialAction\":[{\"@type\":\"ReadAction\",\"target\":[\"https:\\\/\\\/oldtownclinic.pl\\\/onkologia\\\/zabiegi-chirurgiczne\\\/\"]}]},{\"@type\":\"BreadcrumbList\",\"@id\":\"https:\\\/\\\/oldtownclinic.pl\\\/onkologia\\\/zabiegi-chirurgiczne\\\/#breadcrumb\",\"itemListElement\":[{\"@type\":\"ListItem\",\"position\":1,\"name\":\"Strona g\u0142\u00f3wna\",\"item\":\"https:\\\/\\\/oldtownclinic.pl\\\/de\\\/\"},{\"@type\":\"ListItem\",\"position\":2,\"name\":\"Onkologia\",\"item\":\"https:\\\/\\\/oldtownclinic.pl\\\/onkologia\\\/\"},{\"@type\":\"ListItem\",\"position\":3,\"name\":\"Biopsja chirurgiczna\"}]},{\"@type\":\"WebSite\",\"@id\":\"https:\\\/\\\/oldtownclinic.pl\\\/de\\\/#website\",\"url\":\"https:\\\/\\\/oldtownclinic.pl\\\/de\\\/\",\"name\":\"Old Town Clinic\",\"description\":\"Klinika Old Town Clinic - Onkologia i Stomatologia\",\"publisher\":{\"@id\":\"https:\\\/\\\/oldtownclinic.pl\\\/de\\\/#organization\"},\"potentialAction\":[{\"@type\":\"SearchAction\",\"target\":{\"@type\":\"EntryPoint\",\"urlTemplate\":\"https:\\\/\\\/oldtownclinic.pl\\\/de\\\/?s={search_term_string}\"},\"query-input\":{\"@type\":\"PropertyValueSpecification\",\"valueRequired\":true,\"valueName\":\"search_term_string\"}}],\"inLanguage\":\"de-DE\"},{\"@type\":\"Organization\",\"@id\":\"https:\\\/\\\/oldtownclinic.pl\\\/de\\\/#organization\",\"name\":\"Old Town Clinic\",\"url\":\"https:\\\/\\\/oldtownclinic.pl\\\/de\\\/\",\"logo\":{\"@type\":\"ImageObject\",\"inLanguage\":\"de-DE\",\"@id\":\"https:\\\/\\\/oldtownclinic.pl\\\/de\\\/#\\\/schema\\\/logo\\\/image\\\/\",\"url\":\"https:\\\/\\\/oldtownclinic.pl\\\/wp-content\\\/uploads\\\/2020\\\/11\\\/11403107_1614297772162163_1743189168332512043_n.jpg\",\"contentUrl\":\"https:\\\/\\\/oldtownclinic.pl\\\/wp-content\\\/uploads\\\/2020\\\/11\\\/11403107_1614297772162163_1743189168332512043_n.jpg\",\"width\":300,\"height\":300,\"caption\":\"Old Town Clinic\"},\"image\":{\"@id\":\"https:\\\/\\\/oldtownclinic.pl\\\/de\\\/#\\\/schema\\\/logo\\\/image\\\/\"},\"sameAs\":[\"https:\\\/\\\/www.facebook.com\\\/Old-Town-Clinic-1602020446723229\"]}]}<\/script>\n<!-- \/ Yoast SEO plugin. -->","yoast_head_json":{"title":"Chirurgische Biopsie - Old Town Clinic","robots":{"index":"index","follow":"follow","max-snippet":"max-snippet:-1","max-image-preview":"max-image-preview:large","max-video-preview":"max-video-preview:-1"},"canonical":"https:\/\/oldtownclinic.pl\/onkologia\/zabiegi-chirurgiczne\/","schema":{"@context":"https:\/\/schema.org","@graph":[{"@type":"WebPage","@id":"https:\/\/oldtownclinic.pl\/onkologia\/zabiegi-chirurgiczne\/","url":"https:\/\/oldtownclinic.pl\/onkologia\/zabiegi-chirurgiczne\/","name":"Chirurgische Biopsie - Old Town Clinic","isPartOf":{"@id":"https:\/\/oldtownclinic.pl\/de\/#website"},"datePublished":"2015-06-16T13:27:13+00:00","dateModified":"2020-02-11T14:58:21+00:00","breadcrumb":{"@id":"https:\/\/oldtownclinic.pl\/onkologia\/zabiegi-chirurgiczne\/#breadcrumb"},"inLanguage":"de-DE","potentialAction":[{"@type":"ReadAction","target":["https:\/\/oldtownclinic.pl\/onkologia\/zabiegi-chirurgiczne\/"]}]},{"@type":"BreadcrumbList","@id":"https:\/\/oldtownclinic.pl\/onkologia\/zabiegi-chirurgiczne\/#breadcrumb","itemListElement":[{"@type":"ListItem","position":1,"name":"Strona g\u0142\u00f3wna","item":"https:\/\/oldtownclinic.pl\/de\/"},{"@type":"ListItem","position":2,"name":"Onkologia","item":"https:\/\/oldtownclinic.pl\/onkologia\/"},{"@type":"ListItem","position":3,"name":"Biopsja chirurgiczna"}]},{"@type":"WebSite","@id":"https:\/\/oldtownclinic.pl\/de\/#website","url":"https:\/\/oldtownclinic.pl\/de\/","name":"Old Town Clinic","description":"Klinika Old Town Clinic - Onkologia i Stomatologia","publisher":{"@id":"https:\/\/oldtownclinic.pl\/de\/#organization"},"potentialAction":[{"@type":"SearchAction","target":{"@type":"EntryPoint","urlTemplate":"https:\/\/oldtownclinic.pl\/de\/?s={search_term_string}"},"query-input":{"@type":"PropertyValueSpecification","valueRequired":true,"valueName":"search_term_string"}}],"inLanguage":"de-DE"},{"@type":"Organization","@id":"https:\/\/oldtownclinic.pl\/de\/#organization","name":"Old Town Clinic","url":"https:\/\/oldtownclinic.pl\/de\/","logo":{"@type":"ImageObject","inLanguage":"de-DE","@id":"https:\/\/oldtownclinic.pl\/de\/#\/schema\/logo\/image\/","url":"https:\/\/oldtownclinic.pl\/wp-content\/uploads\/2020\/11\/11403107_1614297772162163_1743189168332512043_n.jpg","contentUrl":"https:\/\/oldtownclinic.pl\/wp-content\/uploads\/2020\/11\/11403107_1614297772162163_1743189168332512043_n.jpg","width":300,"height":300,"caption":"Old Town Clinic"},"image":{"@id":"https:\/\/oldtownclinic.pl\/de\/#\/schema\/logo\/image\/"},"sameAs":["https:\/\/www.facebook.com\/Old-Town-Clinic-1602020446723229"]}]}},"_links":{"self":[{"href":"https:\/\/oldtownclinic.pl\/de\/wp-json\/wp\/v2\/pages\/75","targetHints":{"allow":["GET"]}}],"collection":[{"href":"https:\/\/oldtownclinic.pl\/de\/wp-json\/wp\/v2\/pages"}],"about":[{"href":"https:\/\/oldtownclinic.pl\/de\/wp-json\/wp\/v2\/types\/page"}],"author":[{"embeddable":true,"href":"https:\/\/oldtownclinic.pl\/de\/wp-json\/wp\/v2\/users\/1"}],"replies":[{"embeddable":true,"href":"https:\/\/oldtownclinic.pl\/de\/wp-json\/wp\/v2\/comments?post=75"}],"version-history":[{"count":9,"href":"https:\/\/oldtownclinic.pl\/de\/wp-json\/wp\/v2\/pages\/75\/revisions"}],"predecessor-version":[{"id":479,"href":"https:\/\/oldtownclinic.pl\/de\/wp-json\/wp\/v2\/pages\/75\/revisions\/479"}],"up":[{"embeddable":true,"href":"https:\/\/oldtownclinic.pl\/de\/wp-json\/wp\/v2\/pages\/19"}],"wp:attachment":[{"href":"https:\/\/oldtownclinic.pl\/de\/wp-json\/wp\/v2\/media?parent=75"}],"curies":[{"name":"wp","href":"https:\/\/api.w.org\/{rel}","templated":true}]}}