{"id":77,"date":"2015-06-16T14:27:57","date_gmt":"2015-06-16T13:27:57","guid":{"rendered":"http:\/\/oldtownclinic.pl\/?page_id=77"},"modified":"2020-02-11T16:16:15","modified_gmt":"2020-02-11T15:16:15","slug":"chemioterapia","status":"publish","type":"page","link":"https:\/\/oldtownclinic.pl\/de\/onkologia\/chemioterapia\/","title":{"rendered":"Chemotherapie"},"content":{"rendered":"<h2><img loading=\"lazy\" decoding=\"async\" class=\"alignright wp-image-122 size-full\" src=\"http:\/\/oldtownclinic.pl\/wp-content\/uploads\/2015\/06\/chemioterapia.jpg\" alt=\"\" width=\"467\" height=\"306\" srcset=\"https:\/\/oldtownclinic.pl\/wp-content\/uploads\/2015\/06\/chemioterapia.jpg 467w, https:\/\/oldtownclinic.pl\/wp-content\/uploads\/2015\/06\/chemioterapia-300x197.jpg 300w\" sizes=\"auto, (max-width: 467px) 100vw, 467px\" \/> Was ist Chemotherapie?<\/h2>\n<p><strong>Chemotherapie ist die Behandlung von verschiedenen Krebsarten<\/strong>. Das Behandlungssystem bezeichnet kurz &#8221; Chemotherapie &#8221; oder umgangssprachlich als &#8220;Chemie&#8221; , beruht auf Anwendung  von pharmakologischen Mitteln (\u00c4rzneimittel) , um Krebszellen zu zerst\u00f6ren oder  ihr Wachstum zu hemmen. Es wirkt auf der Prim\u00e4rtumor und Metastasen und Krebszellen sowie auf Krebsgewebe im Blut und Lymphsystem zirkulieren.<\/p>\n<p>Mit dieser Methode kann man Krebszellen im ganzen K\u00f6rper zerst\u00f6ren. In Abh\u00e4ngigkeit von der Art der Geschwulst und ihrer Entwicklungsstufe kann man dank  Chemotherapie eine<br \/>\nGeschwulstkrankheit heilen oder Anhalten bzw. ihre Entwicklung und Verbreitung (Metastasierung ) verlangsamen, manchmal auch die Lebensqualit\u00e4t zu verbessern und die Symptome lindern.<br \/>\nIm Behandlungssystem angewandte Medikamente  sind  Zytostatik , Antik\u00f6rper, Enzyminhibitoren , Hormone, Immuntherapie. Diese Medikamente sind in der Regel in Form von Tabletten , intramuskul\u00e4re und intraven\u00f6se Tropfen gegeben . Manche \u00c4rzneimittel werden t\u00e4glich verabreicht, andere sind in Intervallen von Woche, noch andere &#8211; alle paar Wochen verabreicht. <\/p>\n<p>Um die beste Heilungseffekte zu erreichen, assoziiert manchmal die Chemotherapie  mit einer Strahlentherapie und Chirurgie ( Induktionstherapie , Komplement\u00e4r , palliative und die damit verbundenen : Radiochemotherapie ) .<br \/>\nSystemische Therapie ist in Vielzahl von Geschwulsten verwendet , obwohl nicht in allen eingesetzt. Die Notwendigkeit und die M\u00f6glichkeit der Behandlung h\u00e4ngt von der  Art des Krebses , des  Subtyps , der Entwicklungsniveau ab. Der Heilungsverlauf h\u00e4ngt auch stark von den Allgemeinzustand der Kranke und der Leistungsf\u00e4higkeit der wichtigsten Organe, da eine belastbare und toxische Behandlung ist, Chemietheraphie kann auch gesunde Zellen des Organismus besch\u00e4digen.<\/p>\n<h2>Nebenwirkungen der onkologischer Behandlung<\/h2>\n<p>Chemische Drogen wirken nicht nur auf Krebszellen, sondern zugleich Sch\u00e4den und hemmen das Wachstum von normalen gesunden Zellen. Dies kann das Auftreten in einer Reihe von Nebenwirkungen verursachen. Da die Empfindlichkeit des einzelnen Patienten und die Toleranz von Medikamenten variieren, diese Symptome sind nicht bei allen Patienten gleich vorhanden. Viele Menschen sind tolerant gegen\u00fcber chemischer Behandlung und selten empfinden  unangenehme Symptomen , aber sind Kranke bei denen sie nicht auftreten. Beachten Sie, dass die meisten Nebenwirkungen minimiert werden oder vollst\u00e4ndig durch die Verwendung von symptomatischer Medikamenten oder durch die Verwendung der \u00e4hnliche Links beseitigt.<\/p>\n","protected":false},"excerpt":{"rendered":"<p>Was ist Chemotherapie? Chemotherapie ist die Behandlung von verschiedenen Krebsarten. Das Behandlungssystem bezeichnet kurz &#8221; Chemotherapie &#8221; oder umgangssprachlich als &#8220;Chemie&#8221; , beruht auf Anwendung von pharmakologischen Mitteln (\u00c4rzneimittel) , um Krebszellen zu zerst\u00f6ren oder ihr Wachstum zu hemmen. Es wirkt auf der Prim\u00e4rtumor und Metastasen und Krebszellen sowie auf Krebsgewebe im Blut und Lymphsystem [&hellip;]<\/p>\n","protected":false},"author":1,"featured_media":0,"parent":19,"menu_order":0,"comment_status":"open","ping_status":"open","template":"","meta":{"_acf_changed":false,"footnotes":""},"class_list":["post-77","page","type-page","status-publish","hentry"],"translation":{"provider":"WPGlobus","version":"3.0.2","language":"de","enabled_languages":["pl","en","de"],"languages":{"pl":{"title":true,"content":true,"excerpt":false},"en":{"title":true,"content":true,"excerpt":false},"de":{"title":true,"content":true,"excerpt":false}}},"acf":[],"yoast_head":"<!-- This site is optimized with the Yoast SEO plugin v27.4 - https:\/\/yoast.com\/product\/yoast-seo-wordpress\/ -->\n<title>Chemotherapie - Old Town Clinic<\/title>\n<meta name=\"robots\" content=\"index, follow, max-snippet:-1, max-image-preview:large, max-video-preview:-1\" \/>\n<link rel=\"canonical\" href=\"https:\/\/oldtownclinic.pl\/onkologia\/chemioterapia\/\" \/>\n<script type=\"application\/ld+json\" class=\"yoast-schema-graph\">{\"@context\":\"https:\\\/\\\/schema.org\",\"@graph\":[{\"@type\":\"WebPage\",\"@id\":\"https:\\\/\\\/oldtownclinic.pl\\\/onkologia\\\/chemioterapia\\\/\",\"url\":\"https:\\\/\\\/oldtownclinic.pl\\\/onkologia\\\/chemioterapia\\\/\",\"name\":\"Chemotherapie - Old Town Clinic\",\"isPartOf\":{\"@id\":\"https:\\\/\\\/oldtownclinic.pl\\\/de\\\/#website\"},\"primaryImageOfPage\":{\"@id\":\"https:\\\/\\\/oldtownclinic.pl\\\/onkologia\\\/chemioterapia\\\/#primaryimage\"},\"image\":{\"@id\":\"https:\\\/\\\/oldtownclinic.pl\\\/onkologia\\\/chemioterapia\\\/#primaryimage\"},\"thumbnailUrl\":\"http:\\\/\\\/oldtownclinic.pl\\\/wp-content\\\/uploads\\\/2015\\\/06\\\/chemioterapia.jpg\",\"datePublished\":\"2015-06-16T13:27:57+00:00\",\"dateModified\":\"2020-02-11T15:16:15+00:00\",\"breadcrumb\":{\"@id\":\"https:\\\/\\\/oldtownclinic.pl\\\/onkologia\\\/chemioterapia\\\/#breadcrumb\"},\"inLanguage\":\"de-DE\",\"potentialAction\":[{\"@type\":\"ReadAction\",\"target\":[\"https:\\\/\\\/oldtownclinic.pl\\\/onkologia\\\/chemioterapia\\\/\"]}]},{\"@type\":\"ImageObject\",\"inLanguage\":\"de-DE\",\"@id\":\"https:\\\/\\\/oldtownclinic.pl\\\/onkologia\\\/chemioterapia\\\/#primaryimage\",\"url\":\"http:\\\/\\\/oldtownclinic.pl\\\/wp-content\\\/uploads\\\/2015\\\/06\\\/chemioterapia.jpg\",\"contentUrl\":\"http:\\\/\\\/oldtownclinic.pl\\\/wp-content\\\/uploads\\\/2015\\\/06\\\/chemioterapia.jpg\"},{\"@type\":\"BreadcrumbList\",\"@id\":\"https:\\\/\\\/oldtownclinic.pl\\\/onkologia\\\/chemioterapia\\\/#breadcrumb\",\"itemListElement\":[{\"@type\":\"ListItem\",\"position\":1,\"name\":\"Strona g\u0142\u00f3wna\",\"item\":\"https:\\\/\\\/oldtownclinic.pl\\\/de\\\/\"},{\"@type\":\"ListItem\",\"position\":2,\"name\":\"Onkologia\",\"item\":\"https:\\\/\\\/oldtownclinic.pl\\\/onkologia\\\/\"},{\"@type\":\"ListItem\",\"position\":3,\"name\":\"Chemioterapia\"}]},{\"@type\":\"WebSite\",\"@id\":\"https:\\\/\\\/oldtownclinic.pl\\\/de\\\/#website\",\"url\":\"https:\\\/\\\/oldtownclinic.pl\\\/de\\\/\",\"name\":\"Old Town Clinic\",\"description\":\"Klinika Old Town Clinic - Onkologia i Stomatologia\",\"publisher\":{\"@id\":\"https:\\\/\\\/oldtownclinic.pl\\\/de\\\/#organization\"},\"potentialAction\":[{\"@type\":\"SearchAction\",\"target\":{\"@type\":\"EntryPoint\",\"urlTemplate\":\"https:\\\/\\\/oldtownclinic.pl\\\/de\\\/?s={search_term_string}\"},\"query-input\":{\"@type\":\"PropertyValueSpecification\",\"valueRequired\":true,\"valueName\":\"search_term_string\"}}],\"inLanguage\":\"de-DE\"},{\"@type\":\"Organization\",\"@id\":\"https:\\\/\\\/oldtownclinic.pl\\\/de\\\/#organization\",\"name\":\"Old Town Clinic\",\"url\":\"https:\\\/\\\/oldtownclinic.pl\\\/de\\\/\",\"logo\":{\"@type\":\"ImageObject\",\"inLanguage\":\"de-DE\",\"@id\":\"https:\\\/\\\/oldtownclinic.pl\\\/de\\\/#\\\/schema\\\/logo\\\/image\\\/\",\"url\":\"https:\\\/\\\/oldtownclinic.pl\\\/wp-content\\\/uploads\\\/2020\\\/11\\\/11403107_1614297772162163_1743189168332512043_n.jpg\",\"contentUrl\":\"https:\\\/\\\/oldtownclinic.pl\\\/wp-content\\\/uploads\\\/2020\\\/11\\\/11403107_1614297772162163_1743189168332512043_n.jpg\",\"width\":300,\"height\":300,\"caption\":\"Old Town Clinic\"},\"image\":{\"@id\":\"https:\\\/\\\/oldtownclinic.pl\\\/de\\\/#\\\/schema\\\/logo\\\/image\\\/\"},\"sameAs\":[\"https:\\\/\\\/www.facebook.com\\\/Old-Town-Clinic-1602020446723229\"]}]}<\/script>\n<!-- \/ Yoast SEO plugin. -->","yoast_head_json":{"title":"Chemotherapie - Old Town Clinic","robots":{"index":"index","follow":"follow","max-snippet":"max-snippet:-1","max-image-preview":"max-image-preview:large","max-video-preview":"max-video-preview:-1"},"canonical":"https:\/\/oldtownclinic.pl\/onkologia\/chemioterapia\/","schema":{"@context":"https:\/\/schema.org","@graph":[{"@type":"WebPage","@id":"https:\/\/oldtownclinic.pl\/onkologia\/chemioterapia\/","url":"https:\/\/oldtownclinic.pl\/onkologia\/chemioterapia\/","name":"Chemotherapie - Old Town Clinic","isPartOf":{"@id":"https:\/\/oldtownclinic.pl\/de\/#website"},"primaryImageOfPage":{"@id":"https:\/\/oldtownclinic.pl\/onkologia\/chemioterapia\/#primaryimage"},"image":{"@id":"https:\/\/oldtownclinic.pl\/onkologia\/chemioterapia\/#primaryimage"},"thumbnailUrl":"http:\/\/oldtownclinic.pl\/wp-content\/uploads\/2015\/06\/chemioterapia.jpg","datePublished":"2015-06-16T13:27:57+00:00","dateModified":"2020-02-11T15:16:15+00:00","breadcrumb":{"@id":"https:\/\/oldtownclinic.pl\/onkologia\/chemioterapia\/#breadcrumb"},"inLanguage":"de-DE","potentialAction":[{"@type":"ReadAction","target":["https:\/\/oldtownclinic.pl\/onkologia\/chemioterapia\/"]}]},{"@type":"ImageObject","inLanguage":"de-DE","@id":"https:\/\/oldtownclinic.pl\/onkologia\/chemioterapia\/#primaryimage","url":"http:\/\/oldtownclinic.pl\/wp-content\/uploads\/2015\/06\/chemioterapia.jpg","contentUrl":"http:\/\/oldtownclinic.pl\/wp-content\/uploads\/2015\/06\/chemioterapia.jpg"},{"@type":"BreadcrumbList","@id":"https:\/\/oldtownclinic.pl\/onkologia\/chemioterapia\/#breadcrumb","itemListElement":[{"@type":"ListItem","position":1,"name":"Strona g\u0142\u00f3wna","item":"https:\/\/oldtownclinic.pl\/de\/"},{"@type":"ListItem","position":2,"name":"Onkologia","item":"https:\/\/oldtownclinic.pl\/onkologia\/"},{"@type":"ListItem","position":3,"name":"Chemioterapia"}]},{"@type":"WebSite","@id":"https:\/\/oldtownclinic.pl\/de\/#website","url":"https:\/\/oldtownclinic.pl\/de\/","name":"Old Town Clinic","description":"Klinika Old Town Clinic - Onkologia i Stomatologia","publisher":{"@id":"https:\/\/oldtownclinic.pl\/de\/#organization"},"potentialAction":[{"@type":"SearchAction","target":{"@type":"EntryPoint","urlTemplate":"https:\/\/oldtownclinic.pl\/de\/?s={search_term_string}"},"query-input":{"@type":"PropertyValueSpecification","valueRequired":true,"valueName":"search_term_string"}}],"inLanguage":"de-DE"},{"@type":"Organization","@id":"https:\/\/oldtownclinic.pl\/de\/#organization","name":"Old Town Clinic","url":"https:\/\/oldtownclinic.pl\/de\/","logo":{"@type":"ImageObject","inLanguage":"de-DE","@id":"https:\/\/oldtownclinic.pl\/de\/#\/schema\/logo\/image\/","url":"https:\/\/oldtownclinic.pl\/wp-content\/uploads\/2020\/11\/11403107_1614297772162163_1743189168332512043_n.jpg","contentUrl":"https:\/\/oldtownclinic.pl\/wp-content\/uploads\/2020\/11\/11403107_1614297772162163_1743189168332512043_n.jpg","width":300,"height":300,"caption":"Old Town Clinic"},"image":{"@id":"https:\/\/oldtownclinic.pl\/de\/#\/schema\/logo\/image\/"},"sameAs":["https:\/\/www.facebook.com\/Old-Town-Clinic-1602020446723229"]}]}},"_links":{"self":[{"href":"https:\/\/oldtownclinic.pl\/de\/wp-json\/wp\/v2\/pages\/77","targetHints":{"allow":["GET"]}}],"collection":[{"href":"https:\/\/oldtownclinic.pl\/de\/wp-json\/wp\/v2\/pages"}],"about":[{"href":"https:\/\/oldtownclinic.pl\/de\/wp-json\/wp\/v2\/types\/page"}],"author":[{"embeddable":true,"href":"https:\/\/oldtownclinic.pl\/de\/wp-json\/wp\/v2\/users\/1"}],"replies":[{"embeddable":true,"href":"https:\/\/oldtownclinic.pl\/de\/wp-json\/wp\/v2\/comments?post=77"}],"version-history":[{"count":13,"href":"https:\/\/oldtownclinic.pl\/de\/wp-json\/wp\/v2\/pages\/77\/revisions"}],"predecessor-version":[{"id":483,"href":"https:\/\/oldtownclinic.pl\/de\/wp-json\/wp\/v2\/pages\/77\/revisions\/483"}],"up":[{"embeddable":true,"href":"https:\/\/oldtownclinic.pl\/de\/wp-json\/wp\/v2\/pages\/19"}],"wp:attachment":[{"href":"https:\/\/oldtownclinic.pl\/de\/wp-json\/wp\/v2\/media?parent=77"}],"curies":[{"name":"wp","href":"https:\/\/api.w.org\/{rel}","templated":true}]}}