{"id":956,"date":"2021-03-27T12:49:46","date_gmt":"2021-03-27T11:49:46","guid":{"rendered":"https:\/\/oldtownclinic.pl\/?page_id=956"},"modified":"2025-06-15T21:23:30","modified_gmt":"2025-06-15T20:23:30","slug":"stomatologia-2","status":"publish","type":"page","link":"https:\/\/oldtownclinic.pl\/de\/stomatologia-2\/","title":{"rendered":"Stomatologia"},"content":{"rendered":"\n<figure class=\"wp-block-table is-style-regular\"><table class=\"has-fixed-layout\"><tbody><tr><td class=\"has-text-align-center\" data-align=\"center\"><img loading=\"lazy\" decoding=\"async\" width=\"250\" height=\"333\" class=\"wp-image-966\" style=\"width: 250px;\" src=\"https:\/\/oldtownclinic.pl\/wp-content\/uploads\/2021\/03\/dr-Kasia-Calik-scaled.jpeg\" alt=\"\" srcset=\"https:\/\/oldtownclinic.pl\/wp-content\/uploads\/2021\/03\/dr-Kasia-Calik-scaled.jpeg 1920w, https:\/\/oldtownclinic.pl\/wp-content\/uploads\/2021\/03\/dr-Kasia-Calik-225x300.jpeg 225w, https:\/\/oldtownclinic.pl\/wp-content\/uploads\/2021\/03\/dr-Kasia-Calik-768x1024.jpeg 768w, https:\/\/oldtownclinic.pl\/wp-content\/uploads\/2021\/03\/dr-Kasia-Calik-1152x1536.jpeg 1152w, https:\/\/oldtownclinic.pl\/wp-content\/uploads\/2021\/03\/dr-Kasia-Calik-1536x2048.jpeg 1536w\" sizes=\"auto, (max-width: 250px) 100vw, 250px\" \/><\/td><td><strong>dr n. med. Katarzyna Calik &#8211; Specjalista Protetyki Stomatologicznej<\/strong><br>Dyplom lekarza stomatologa uzyska\u0142a w 2004 roku. <br>Od kilkunastu lat poszerza swoj\u0105 wiedz\u0119 i umiej\u0119tno\u015bci <br>w dziedzinie protetyki stomatologicznej, w kt\u00f3rej w 2013 roku <br>uzyska\u0142a tytu\u0142 specjalisty. Zajmuje si\u0119 projektowaniem i przywracaniem <br>pi\u0119knych u\u015bmiech\u00f3w, a tak\u017ce pe\u0142n\u0105 rehabilitacj\u0105 protetyczn\u0105, <br>s\u0142u\u017c\u0105c\u0105 odtworzeniu funkcji \u017cucia. Od kilku lat pasjonuj\u0119 si\u0119 cyfrow\u0105 <br>stomatologi\u0105, kt\u00f3ra znacznie poszerza mo\u017cliwo\u015bci leczenia pacjent\u00f3w <br>i jest wygodnym narz\u0119dziem dla lekarza.<\/td><td><a id=\"zl-url\" class=\"zl-url\" href=\"https:\/\/www.znanylekarz.pl\/katarzyna-calik\/stomatolog-protetyk\/wroclaw\" rel=\"nofollow\" data-zlw-doctor=\"katarzyna-calik\" data-zlw-type=\"big_with_calendar\" data-zlw-opinion=\"false\" data-zlw-hide-branding=\"true\">Katarzyna Calik &#8211; ZnanyLekarz.pl<\/a><script>!function($_x,_s,id){var js,fjs=$_x.getElementsByTagName(_s)[0];if(!$_x.getElementById(id)){js = $_x.createElement(_s);js.id = id;js.src = \"\/\/platform.docplanner.com\/js\/widget.js\";fjs.parentNode.insertBefore(js,fjs);}}(document,\"script\",\"zl-widget-s\");<\/script><\/td><\/tr><tr><td class=\"has-text-align-center\" data-align=\"center\"><img loading=\"lazy\" decoding=\"async\" width=\"250\" height=\"376\" class=\"wp-image-965\" style=\"width: 250px;\" src=\"https:\/\/oldtownclinic.pl\/wp-content\/uploads\/2021\/03\/kasia-l-scaled.jpg\" alt=\"\" srcset=\"https:\/\/oldtownclinic.pl\/wp-content\/uploads\/2021\/03\/kasia-l-scaled.jpg 1702w, https:\/\/oldtownclinic.pl\/wp-content\/uploads\/2021\/03\/kasia-l-199x300.jpg 199w, https:\/\/oldtownclinic.pl\/wp-content\/uploads\/2021\/03\/kasia-l-681x1024.jpg 681w, https:\/\/oldtownclinic.pl\/wp-content\/uploads\/2021\/03\/kasia-l-768x1155.jpg 768w, https:\/\/oldtownclinic.pl\/wp-content\/uploads\/2021\/03\/kasia-l-1021x1536.jpg 1021w, https:\/\/oldtownclinic.pl\/wp-content\/uploads\/2021\/03\/kasia-l-1362x2048.jpg 1362w\" sizes=\"auto, (max-width: 250px) 100vw, 250px\" \/><\/td><td><strong>Lek. dent. Katarzyna Lewandowska &#8211; Stomatolog<\/strong><br>Absolwentka Wydzia\u0142u Lekarsko-Stomatologicznego Uniwersytetu <br>Medycznego we Wroc\u0142awiu, kt\u00f3ry uko\u0144czy\u0142a w 2007 roku.<br>W codziennej praktyce zajmuje si\u0119 stomatologi\u0105 zachowawcz\u0105, <br>endodoncj\u0105 pod mikroskopem oraz stomatologi\u0105 dzieci\u0119c\u0105. <br>Swoje kwalifikacje i umiej\u0119tno\u015bci stale podnosi uczestnicz\u0105c w kursach i szkoleniach.<\/td><td><a id=\"zl-url\" class=\"zl-url\" href=\"https:\/\/www.znanylekarz.pl\/katarzyna-lewandowska-2\/stomatolog\/wroclaw\" rel=\"nofollow\" data-zlw-doctor=\"katarzyna-lewandowska-2\" data-zlw-type=\"big_with_calendar\" data-zlw-opinion=\"false\" data-zlw-hide-branding=\"true\">Katarzyna Lewandowska &#8211; ZnanyLekarz.pl<\/a><script>!function($_x,_s,id){var js,fjs=$_x.getElementsByTagName(_s)[0];if(!$_x.getElementById(id)){js = $_x.createElement(_s);js.id = id;js.src = \"\/\/platform.docplanner.com\/js\/widget.js\";fjs.parentNode.insertBefore(js,fjs);}}(document,\"script\",\"zl-widget-s\");<\/script><\/td><\/tr><tr><td class=\"has-text-align-center\" data-align=\"center\"><img loading=\"lazy\" decoding=\"async\" width=\"250\" height=\"333\" class=\"wp-image-964\" style=\"width: 250px;\" src=\"https:\/\/oldtownclinic.pl\/wp-content\/uploads\/2021\/03\/Asia-Luks-scaled.jpeg\" alt=\"\" srcset=\"https:\/\/oldtownclinic.pl\/wp-content\/uploads\/2021\/03\/Asia-Luks-scaled.jpeg 1920w, https:\/\/oldtownclinic.pl\/wp-content\/uploads\/2021\/03\/Asia-Luks-225x300.jpeg 225w, https:\/\/oldtownclinic.pl\/wp-content\/uploads\/2021\/03\/Asia-Luks-768x1024.jpeg 768w, https:\/\/oldtownclinic.pl\/wp-content\/uploads\/2021\/03\/Asia-Luks-1152x1536.jpeg 1152w, https:\/\/oldtownclinic.pl\/wp-content\/uploads\/2021\/03\/Asia-Luks-1536x2048.jpeg 1536w\" sizes=\"auto, (max-width: 250px) 100vw, 250px\" \/><\/td><td><strong>Joanna Luks &#8211; Higienistka stomatologiczna<\/strong><br>Dyplomowana higienista z ponad 10-letnim sta\u017cem.<br> W Old Town Clinic wykonuje zabiegi usuwania kamienia<br>i osadu naz\u0119bnego, lakowanie, lakierowanie, fluoryzacja,<br>leczenie nadwra\u017cliwo\u015bci. W trakcie wieloletniej praktyki <br>zawodowej zdoby\u0142a du\u017ce do\u015bwiadczene pracuj\u0105c ze specjalistami z r\u00f3\u017cnych dziedzin stomatologii.<\/td><td><a id=\"zl-url\" class=\"zl-url\" href=\"https:\/\/www.znanylekarz.pl\/joanna-luks\/higienistka-stomatologiczna\/wroclaw\" rel=\"nofollow\" data-zlw-doctor=\"joanna-luks\" data-zlw-type=\"big_with_calendar\" data-zlw-opinion=\"false\" data-zlw-hide-branding=\"true\">Joanna Luks &#8211; ZnanyLekarz.pl<\/a><script>!function($_x,_s,id){var js,fjs=$_x.getElementsByTagName(_s)[0];if(!$_x.getElementById(id)){js = $_x.createElement(_s);js.id = id;js.src = \"\/\/platform.docplanner.com\/js\/widget.js\";fjs.parentNode.insertBefore(js,fjs);}}(document,\"script\",\"zl-widget-s\");<\/script><\/td><\/tr><\/tbody><\/table><\/figure>\n","protected":false},"excerpt":{"rendered":"<p>dr n. med. Katarzyna Calik &#8211; Specjalista Protetyki StomatologicznejDyplom lekarza stomatologa uzyska\u0142a w 2004 roku. Od kilkunastu lat poszerza swoj\u0105 wiedz\u0119 i umiej\u0119tno\u015bci w dziedzinie protetyki stomatologicznej, w kt\u00f3rej w 2013 roku uzyska\u0142a tytu\u0142 specjalisty. Zajmuje si\u0119 projektowaniem i przywracaniem pi\u0119knych u\u015bmiech\u00f3w, a tak\u017ce pe\u0142n\u0105 rehabilitacj\u0105 protetyczn\u0105, s\u0142u\u017c\u0105c\u0105 odtworzeniu funkcji \u017cucia. Od kilku lat pasjonuj\u0119 [&hellip;]<\/p>\n","protected":false},"author":1,"featured_media":0,"parent":0,"menu_order":0,"comment_status":"closed","ping_status":"closed","template":"","meta":{"_acf_changed":false,"footnotes":""},"class_list":["post-956","page","type-page","status-publish","hentry"],"translation":{"provider":"WPGlobus","version":"3.0.2","language":"de","enabled_languages":["pl","en","de"],"languages":{"pl":{"title":true,"content":true,"excerpt":false},"en":{"title":false,"content":false,"excerpt":false},"de":{"title":false,"content":false,"excerpt":false}}},"acf":[],"yoast_head":"<!-- This site is optimized with the Yoast SEO plugin v27.4 - https:\/\/yoast.com\/product\/yoast-seo-wordpress\/ -->\n<title>Stomatologia - Old Town Clinic<\/title>\n<meta name=\"robots\" content=\"index, follow, max-snippet:-1, max-image-preview:large, max-video-preview:-1\" \/>\n<link rel=\"canonical\" href=\"https:\/\/oldtownclinic.pl\/stomatologia-2\/\" \/>\n<script type=\"application\/ld+json\" class=\"yoast-schema-graph\">{\"@context\":\"https:\\\/\\\/schema.org\",\"@graph\":[{\"@type\":\"WebPage\",\"@id\":\"https:\\\/\\\/oldtownclinic.pl\\\/stomatologia-2\\\/\",\"url\":\"https:\\\/\\\/oldtownclinic.pl\\\/stomatologia-2\\\/\",\"name\":\"Stomatologia - Old Town Clinic\",\"isPartOf\":{\"@id\":\"https:\\\/\\\/oldtownclinic.pl\\\/de\\\/#website\"},\"primaryImageOfPage\":{\"@id\":\"https:\\\/\\\/oldtownclinic.pl\\\/stomatologia-2\\\/#primaryimage\"},\"image\":{\"@id\":\"https:\\\/\\\/oldtownclinic.pl\\\/stomatologia-2\\\/#primaryimage\"},\"thumbnailUrl\":\"https:\\\/\\\/oldtownclinic.pl\\\/wp-content\\\/uploads\\\/2021\\\/03\\\/dr-Kasia-Calik-scaled.jpeg\",\"datePublished\":\"2021-03-27T11:49:46+00:00\",\"dateModified\":\"2025-06-15T20:23:30+00:00\",\"breadcrumb\":{\"@id\":\"https:\\\/\\\/oldtownclinic.pl\\\/stomatologia-2\\\/#breadcrumb\"},\"inLanguage\":\"de-DE\",\"potentialAction\":[{\"@type\":\"ReadAction\",\"target\":[\"https:\\\/\\\/oldtownclinic.pl\\\/stomatologia-2\\\/\"]}]},{\"@type\":\"ImageObject\",\"inLanguage\":\"de-DE\",\"@id\":\"https:\\\/\\\/oldtownclinic.pl\\\/stomatologia-2\\\/#primaryimage\",\"url\":\"https:\\\/\\\/oldtownclinic.pl\\\/wp-content\\\/uploads\\\/2021\\\/03\\\/dr-Kasia-Calik-scaled.jpeg\",\"contentUrl\":\"https:\\\/\\\/oldtownclinic.pl\\\/wp-content\\\/uploads\\\/2021\\\/03\\\/dr-Kasia-Calik-scaled.jpeg\"},{\"@type\":\"BreadcrumbList\",\"@id\":\"https:\\\/\\\/oldtownclinic.pl\\\/stomatologia-2\\\/#breadcrumb\",\"itemListElement\":[{\"@type\":\"ListItem\",\"position\":1,\"name\":\"Strona g\u0142\u00f3wna\",\"item\":\"https:\\\/\\\/oldtownclinic.pl\\\/de\\\/\"},{\"@type\":\"ListItem\",\"position\":2,\"name\":\"Stomatologia\"}]},{\"@type\":\"WebSite\",\"@id\":\"https:\\\/\\\/oldtownclinic.pl\\\/de\\\/#website\",\"url\":\"https:\\\/\\\/oldtownclinic.pl\\\/de\\\/\",\"name\":\"Old Town Clinic\",\"description\":\"Klinika Old Town Clinic - Onkologia i Stomatologia\",\"publisher\":{\"@id\":\"https:\\\/\\\/oldtownclinic.pl\\\/de\\\/#organization\"},\"potentialAction\":[{\"@type\":\"SearchAction\",\"target\":{\"@type\":\"EntryPoint\",\"urlTemplate\":\"https:\\\/\\\/oldtownclinic.pl\\\/de\\\/?s={search_term_string}\"},\"query-input\":{\"@type\":\"PropertyValueSpecification\",\"valueRequired\":true,\"valueName\":\"search_term_string\"}}],\"inLanguage\":\"de-DE\"},{\"@type\":\"Organization\",\"@id\":\"https:\\\/\\\/oldtownclinic.pl\\\/de\\\/#organization\",\"name\":\"Old Town Clinic\",\"url\":\"https:\\\/\\\/oldtownclinic.pl\\\/de\\\/\",\"logo\":{\"@type\":\"ImageObject\",\"inLanguage\":\"de-DE\",\"@id\":\"https:\\\/\\\/oldtownclinic.pl\\\/de\\\/#\\\/schema\\\/logo\\\/image\\\/\",\"url\":\"https:\\\/\\\/oldtownclinic.pl\\\/wp-content\\\/uploads\\\/2020\\\/11\\\/11403107_1614297772162163_1743189168332512043_n.jpg\",\"contentUrl\":\"https:\\\/\\\/oldtownclinic.pl\\\/wp-content\\\/uploads\\\/2020\\\/11\\\/11403107_1614297772162163_1743189168332512043_n.jpg\",\"width\":300,\"height\":300,\"caption\":\"Old Town Clinic\"},\"image\":{\"@id\":\"https:\\\/\\\/oldtownclinic.pl\\\/de\\\/#\\\/schema\\\/logo\\\/image\\\/\"},\"sameAs\":[\"https:\\\/\\\/www.facebook.com\\\/Old-Town-Clinic-1602020446723229\"]}]}<\/script>\n<!-- \/ Yoast SEO plugin. -->","yoast_head_json":{"title":"Stomatologia - Old Town Clinic","robots":{"index":"index","follow":"follow","max-snippet":"max-snippet:-1","max-image-preview":"max-image-preview:large","max-video-preview":"max-video-preview:-1"},"canonical":"https:\/\/oldtownclinic.pl\/stomatologia-2\/","schema":{"@context":"https:\/\/schema.org","@graph":[{"@type":"WebPage","@id":"https:\/\/oldtownclinic.pl\/stomatologia-2\/","url":"https:\/\/oldtownclinic.pl\/stomatologia-2\/","name":"Stomatologia - Old Town Clinic","isPartOf":{"@id":"https:\/\/oldtownclinic.pl\/de\/#website"},"primaryImageOfPage":{"@id":"https:\/\/oldtownclinic.pl\/stomatologia-2\/#primaryimage"},"image":{"@id":"https:\/\/oldtownclinic.pl\/stomatologia-2\/#primaryimage"},"thumbnailUrl":"https:\/\/oldtownclinic.pl\/wp-content\/uploads\/2021\/03\/dr-Kasia-Calik-scaled.jpeg","datePublished":"2021-03-27T11:49:46+00:00","dateModified":"2025-06-15T20:23:30+00:00","breadcrumb":{"@id":"https:\/\/oldtownclinic.pl\/stomatologia-2\/#breadcrumb"},"inLanguage":"de-DE","potentialAction":[{"@type":"ReadAction","target":["https:\/\/oldtownclinic.pl\/stomatologia-2\/"]}]},{"@type":"ImageObject","inLanguage":"de-DE","@id":"https:\/\/oldtownclinic.pl\/stomatologia-2\/#primaryimage","url":"https:\/\/oldtownclinic.pl\/wp-content\/uploads\/2021\/03\/dr-Kasia-Calik-scaled.jpeg","contentUrl":"https:\/\/oldtownclinic.pl\/wp-content\/uploads\/2021\/03\/dr-Kasia-Calik-scaled.jpeg"},{"@type":"BreadcrumbList","@id":"https:\/\/oldtownclinic.pl\/stomatologia-2\/#breadcrumb","itemListElement":[{"@type":"ListItem","position":1,"name":"Strona g\u0142\u00f3wna","item":"https:\/\/oldtownclinic.pl\/de\/"},{"@type":"ListItem","position":2,"name":"Stomatologia"}]},{"@type":"WebSite","@id":"https:\/\/oldtownclinic.pl\/de\/#website","url":"https:\/\/oldtownclinic.pl\/de\/","name":"Old Town Clinic","description":"Klinika Old Town Clinic - Onkologia i Stomatologia","publisher":{"@id":"https:\/\/oldtownclinic.pl\/de\/#organization"},"potentialAction":[{"@type":"SearchAction","target":{"@type":"EntryPoint","urlTemplate":"https:\/\/oldtownclinic.pl\/de\/?s={search_term_string}"},"query-input":{"@type":"PropertyValueSpecification","valueRequired":true,"valueName":"search_term_string"}}],"inLanguage":"de-DE"},{"@type":"Organization","@id":"https:\/\/oldtownclinic.pl\/de\/#organization","name":"Old Town Clinic","url":"https:\/\/oldtownclinic.pl\/de\/","logo":{"@type":"ImageObject","inLanguage":"de-DE","@id":"https:\/\/oldtownclinic.pl\/de\/#\/schema\/logo\/image\/","url":"https:\/\/oldtownclinic.pl\/wp-content\/uploads\/2020\/11\/11403107_1614297772162163_1743189168332512043_n.jpg","contentUrl":"https:\/\/oldtownclinic.pl\/wp-content\/uploads\/2020\/11\/11403107_1614297772162163_1743189168332512043_n.jpg","width":300,"height":300,"caption":"Old Town Clinic"},"image":{"@id":"https:\/\/oldtownclinic.pl\/de\/#\/schema\/logo\/image\/"},"sameAs":["https:\/\/www.facebook.com\/Old-Town-Clinic-1602020446723229"]}]}},"_links":{"self":[{"href":"https:\/\/oldtownclinic.pl\/de\/wp-json\/wp\/v2\/pages\/956","targetHints":{"allow":["GET"]}}],"collection":[{"href":"https:\/\/oldtownclinic.pl\/de\/wp-json\/wp\/v2\/pages"}],"about":[{"href":"https:\/\/oldtownclinic.pl\/de\/wp-json\/wp\/v2\/types\/page"}],"author":[{"embeddable":true,"href":"https:\/\/oldtownclinic.pl\/de\/wp-json\/wp\/v2\/users\/1"}],"replies":[{"embeddable":true,"href":"https:\/\/oldtownclinic.pl\/de\/wp-json\/wp\/v2\/comments?post=956"}],"version-history":[{"count":7,"href":"https:\/\/oldtownclinic.pl\/de\/wp-json\/wp\/v2\/pages\/956\/revisions"}],"predecessor-version":[{"id":1639,"href":"https:\/\/oldtownclinic.pl\/de\/wp-json\/wp\/v2\/pages\/956\/revisions\/1639"}],"wp:attachment":[{"href":"https:\/\/oldtownclinic.pl\/de\/wp-json\/wp\/v2\/media?parent=956"}],"curies":[{"name":"wp","href":"https:\/\/api.w.org\/{rel}","templated":true}]}}