{"id":990,"date":"2021-04-06T17:06:15","date_gmt":"2021-04-06T16:06:15","guid":{"rendered":"https:\/\/oldtownclinic.pl\/?page_id=990"},"modified":"2021-04-07T10:05:18","modified_gmt":"2021-04-07T09:05:18","slug":"fotodynamika","status":"publish","type":"page","link":"https:\/\/oldtownclinic.pl\/en\/fotodynamika\/","title":{"rendered":"Fotodynamika"},"content":{"rendered":"\n<p><strong>Terapia fotodynamiczna<\/strong><\/p>\n\n\n\n<p>(photodynamic therapy; PDT) \u2013 jest form\u0105 leczenia wykorzystuj\u0105c\u0105 substancje \u015bwiat\u0142oczu\u0142e, kt\u00f3re po naniesieniu na chorobowo zmienion\u0105 tkank\u0119 i kilkugodzinnej inkubacji, poddaje si\u0119 dzia\u0142aniu \u015bwiat\u0142a o okre\u015blonej d\u0142ugo\u015bci fali. Fotouczulacz uaktywnia si\u0119 w chorej kom\u00f3rce powoduj\u0105c jej obumieranie. W procesie regeneracji odtwarza si\u0119 zdrowa sk\u00f3ra lub b\u0142ona \u015bluzowa.<\/p>\n\n\n\n<p><strong>Wskazana do PDT<\/strong><\/p>\n\n\n\n<p>Wskazaniem do zastosowania tej nowoczesnej metody opr\u00f3cz raka sk\u00f3ry, s\u0105 r\u00f3wnie\u017c inne stany patologiczne:<\/p>\n\n\n\n<ul class=\"wp-block-list\"><li>Rogowacenie s\u0142oneczne<\/li><li>Oporne brodawki wirusowe- kurzajki r\u0105k i st\u00f3p<\/li><li>Oporne brodawki narz\u0105d\u00f3w p\u0142ciowych- k\u0142ykciny ko\u0144czyste<\/li><li>Brodawki p\u0142askie<\/li><li>Liszaj twardzinowy<\/li><li>Przerostowe blizny\/ keloidy<\/li><li>Fotoodm\u0142adzanie<\/li><li>Tr\u0105dzik<\/li><li>Ziarniniak obr\u0105czkowaty<\/li><li>Porokeratoza<\/li><li>Obumieranie t\u0142uszczakowate<\/li><li>Choroba Bowena<\/li><li>Leukoplakia, czyli stan przednowotworowy b\u0142on \u015bluzowych ust i warg<\/li><li>Erytroplazja \u2013 stan przednowotworowy b\u0142on \u015bluzowych narz\u0105d\u00f3w p\u0142ciowych<\/li><\/ul>\n\n\n\n<p><\/p>\n\n\n\n<p><strong>Metoda Fotodynamiczna polega na<\/strong> zastosowaniu \u015brodka \u015bwiat\u0142o-uczulaj\u0105cego. Wsp\u00f3\u0142dzia\u0142aj\u0105 tu trzy sk\u0142adniki: fotouczulacz, \u015bwiat\u0142o i tlen. \u017baden z nich sam nie jest w stanie wywo\u0142a\u0107 reakcji, kt\u00f3ra mog\u0142aby doprowadzi\u0107 do zniszczenia kom\u00f3rek. Dzi\u0119ki wsp\u00f3\u0142dzia\u0142aniu tych trzech czynnik\u00f3w w tym samym czasie zachodz\u0105 reakcje fotocytotoksyczne, doprowadzaj\u0105c do zniszczenia chorych kom\u00f3rek.<\/p>\n\n\n\n<p>Stosujemy preparat \u015bwiat\u0142o uczulaj\u0105cy (kwas 5-alfa aminolewulinowy), kt\u00f3ry podawany jest zewn\u0119trznie w postaci \u017celu lub ma\u015bci. Ma on za zadanie w spos\u00f3b selektywny zgromadzi\u0107 si\u0119 w tkance. Emituj\u0105c wi\u0105zk\u0119 \u015bwiat\u0142a o okre\u015blonej d\u0142ugo\u015bci fali dostarczamy energi\u0119, kt\u00f3ra sprawia, \u017ce kom\u00f3rki chore zostaj\u0105 zniszczone. Zdrowe za\u015b nie ulegaj\u0105 uszkodzeniu. PDT bezpo\u015brednio na kom\u00f3rki oddzia\u0142uje poprzez powstanie tlenu singletowego i wolnych rodnik\u00f3w, co prowadzi do zmian w b\u0142onach oraz obrz\u0119ku i autolizy kom\u00f3rek. Lampa do Terapii Fotodynamicznej emituje \u015bwiat\u0142o czerwone o d\u0142ugo\u015bci fali 640 nm.<\/p>\n\n\n\n<p><strong>Zaletami PDT<\/strong> jest wysoka selektywno\u015b\u0107, dobry efekt kosmetyczny, mniej efekt\u00f3w ubocznych ni\u017c przy miejscowej chemioterapii (np. 5Fu) czy immunoterapii (np. Imiqimod). Wad\u0105 PDT jest wysoki koszt sprz\u0119tu i fotouczulaczy. Wi\u0105zka \u015bwiat\u0142a mo\u017ce dociera\u0107 na okre\u015blon\u0105 g\u0142\u0119boko\u015b\u0107, penetruj\u0105c w g\u0142\u0105b tkanki do kilku milimetr\u00f3w, przez co docieramy do wszystkich kom\u00f3rek zmienionych chorobowo nawet tych usytuowanych g\u0142\u0119biej w sk\u00f3rze. Po zabiegu mo\u017ce wyst\u0105pi\u0107 niewielkie zaczerwienie, obrz\u0119k lub b\u00f3l w miejscu na\u015bwietlanej zmiany. Na szcz\u0119\u015bcie dolegliwo\u015bci te ust\u0119puj\u0105 bardzo szybko i samoistnie.<\/p>\n\n\n\n<p>PDT minimalizuje ryzyko tworzenia blizn (co cz\u0119sto zdarza si\u0119 po zastosowaniu kriochirurgi czy tradycyjnego leczenia chirurgicznego). Pacjent zaraz po zabiegu mo\u017ce wr\u00f3ci\u0107 do swoich codziennych obowi\u0105zk\u00f3w. Rana po zabiegu goi si\u0119 szybko i wymaga tylko rutynowej piel\u0119gnacji i utrzymywania w czysto\u015bci.<\/p>\n\n\n\n<p><strong>Jak przebiega zabieg?<\/strong><\/p>\n\n\n\n<p>Zabieg terapii fotodynamicznej jest kr\u00f3tki. Trwa zazwyczaj kilkana\u015bcie minut. Z uwagi na bolesno\u015b\u0107 zabiegu, standardowo pacjent jest odpowiednio premedykowany lekami p\/b\u00f3lowymi, kt\u00f3re dobiera si\u0119 indywidualnie do pacjenta w zale\u017cno\u015bci od obci\u0105\u017ce\u0144 chorobowych, rozleg\u0142o\u015bci zabiegu oraz indywidualnego progu b\u00f3lowego.<\/p>\n\n\n\n<p><strong>Poszczeg\u00f3lne etapy zabiegu PDT:<\/strong><\/p>\n\n\n\n<ul class=\"wp-block-list\"><li>Badanie lekarskie z ponown\u0105 niezale\u017cn\u0105 kwalifikacj\u0105 do zabiegu. W trakcie kwalifikacji wykonuje si\u0119 dokumentacj\u0119 zdj\u0119ciow\u0105 zar\u00f3wno zdj\u0119cia makro jak i dermatoskopowe.<\/li><li>Przygotowanie sk\u00f3ry\/b\u0142ony \u015bluzowej (oczyszczenie).<\/li><li>Aplikacja leku \u2013 na miejsce pokryte lekiem nak\u0142adany jest opatrunek uniemo\u017cliwiaj\u0105cy dost\u0119p \u015bwiat\u0142a.<\/li><li>Premedykacja (leki p\/b\u00f3lowe na oko\u0142o 1 godzina przed zabiegiem)<\/li><li>Na\u015bwietlanie \u2013 po 2-4 godzinach inkubacji fotouczulacza, obszar, na kt\u00f3ry na\u0142o\u017cony zosta\u0142 lek, jest na\u015bwietlany specjaln\u0105 lamp\u0105 przez kilka \u2013 kilkana\u015bcie minut (w zale\u017cno\u015bci od choroby).<\/li><li>Po zabiegu powstaje powierzchownie strup ograniczony tylko w obszarze chorych kom\u00f3rek.<\/li><\/ul>\n\n\n\n<p><\/p>\n\n\n\n<p><strong>Efekty<\/strong><\/p>\n\n\n\n<p>Skuteczno\u015b\u0107 terapii fotodynamicznej z u\u017cyciem kwasu 5-alfa aminolewulinowego (5ALA) wynosi, w zale\u017cno\u015bci od schorzenia: od 70% do 97%. Terapia fotodynamiczna z u\u017cyciem 5ALA, stanowi alternatyw\u0119 dla zabieg\u00f3w chirurgicznych czy krioterapii. PDT gwarantuje bardzo dobry efekt kosmetyczny w po\u0142\u0105czeniu ze skuteczno\u015bci\u0105 por\u00f3wnywaln\u0105 do tradycyjnego leczenia chirurgicznego i du\u017co wy\u017csz\u0105 ni\u017c leczenie ciek\u0142ym azotem. Dotyczy to zw\u0142aszcza rogowace\u0144 s\u0142onecznych, choroby Bowena, liszaja twardzinowego sromu. Dzi\u0119ki zastosowaniu PDT pacjent mo\u017ce unikn\u0105\u0107 trudnych, cz\u0119sto wieloetapowych operacji, nierzadko o okaleczaj\u0105cym charakterze.<\/p>\n","protected":false},"excerpt":{"rendered":"<p>Terapia fotodynamiczna (photodynamic therapy; PDT) \u2013 jest form\u0105 leczenia wykorzystuj\u0105c\u0105 substancje \u015bwiat\u0142oczu\u0142e, kt\u00f3re po naniesieniu na chorobowo zmienion\u0105 tkank\u0119 i kilkugodzinnej inkubacji, poddaje si\u0119 dzia\u0142aniu \u015bwiat\u0142a o okre\u015blonej d\u0142ugo\u015bci fali. Fotouczulacz uaktywnia si\u0119 w chorej kom\u00f3rce powoduj\u0105c jej obumieranie. W procesie regeneracji odtwarza si\u0119 zdrowa sk\u00f3ra lub b\u0142ona \u015bluzowa. Wskazana do PDT Wskazaniem do zastosowania [&hellip;]<\/p>\n","protected":false},"author":1,"featured_media":0,"parent":0,"menu_order":0,"comment_status":"closed","ping_status":"closed","template":"","meta":{"_acf_changed":false,"footnotes":""},"class_list":["post-990","page","type-page","status-publish","hentry"],"translation":{"provider":"WPGlobus","version":"3.0.2","language":"en","enabled_languages":["pl","en","de"],"languages":{"pl":{"title":true,"content":true,"excerpt":false},"en":{"title":false,"content":false,"excerpt":false},"de":{"title":false,"content":false,"excerpt":false}}},"acf":[],"yoast_head":"<!-- This site is optimized with the Yoast SEO plugin v27.4 - https:\/\/yoast.com\/product\/yoast-seo-wordpress\/ -->\n<title>Fotodynamika - Old Town Clinic<\/title>\n<meta name=\"robots\" content=\"index, follow, max-snippet:-1, max-image-preview:large, max-video-preview:-1\" \/>\n<link rel=\"canonical\" href=\"https:\/\/oldtownclinic.pl\/de\/fotodynamika\/\" \/>\n<script type=\"application\/ld+json\" class=\"yoast-schema-graph\">{\"@context\":\"https:\\\/\\\/schema.org\",\"@graph\":[{\"@type\":\"WebPage\",\"@id\":\"https:\\\/\\\/oldtownclinic.pl\\\/de\\\/fotodynamika\\\/\",\"url\":\"https:\\\/\\\/oldtownclinic.pl\\\/de\\\/fotodynamika\\\/\",\"name\":\"Fotodynamika - Old Town Clinic\",\"isPartOf\":{\"@id\":\"https:\\\/\\\/oldtownclinic.pl\\\/de\\\/#website\"},\"datePublished\":\"2021-04-06T16:06:15+00:00\",\"dateModified\":\"2021-04-07T09:05:18+00:00\",\"breadcrumb\":{\"@id\":\"https:\\\/\\\/oldtownclinic.pl\\\/de\\\/fotodynamika\\\/#breadcrumb\"},\"inLanguage\":\"en-US\",\"potentialAction\":[{\"@type\":\"ReadAction\",\"target\":[\"https:\\\/\\\/oldtownclinic.pl\\\/de\\\/fotodynamika\\\/\"]}]},{\"@type\":\"BreadcrumbList\",\"@id\":\"https:\\\/\\\/oldtownclinic.pl\\\/de\\\/fotodynamika\\\/#breadcrumb\",\"itemListElement\":[{\"@type\":\"ListItem\",\"position\":1,\"name\":\"Strona g\u0142\u00f3wna\",\"item\":\"https:\\\/\\\/oldtownclinic.pl\\\/de\\\/\"},{\"@type\":\"ListItem\",\"position\":2,\"name\":\"Fotodynamika\"}]},{\"@type\":\"WebSite\",\"@id\":\"https:\\\/\\\/oldtownclinic.pl\\\/de\\\/#website\",\"url\":\"https:\\\/\\\/oldtownclinic.pl\\\/de\\\/\",\"name\":\"Old Town Clinic\",\"description\":\"Klinika Old Town Clinic - Onkologia i Stomatologia\",\"publisher\":{\"@id\":\"https:\\\/\\\/oldtownclinic.pl\\\/de\\\/#organization\"},\"potentialAction\":[{\"@type\":\"SearchAction\",\"target\":{\"@type\":\"EntryPoint\",\"urlTemplate\":\"https:\\\/\\\/oldtownclinic.pl\\\/de\\\/?s={search_term_string}\"},\"query-input\":{\"@type\":\"PropertyValueSpecification\",\"valueRequired\":true,\"valueName\":\"search_term_string\"}}],\"inLanguage\":\"en-US\"},{\"@type\":\"Organization\",\"@id\":\"https:\\\/\\\/oldtownclinic.pl\\\/de\\\/#organization\",\"name\":\"Old Town Clinic\",\"url\":\"https:\\\/\\\/oldtownclinic.pl\\\/de\\\/\",\"logo\":{\"@type\":\"ImageObject\",\"inLanguage\":\"en-US\",\"@id\":\"https:\\\/\\\/oldtownclinic.pl\\\/de\\\/#\\\/schema\\\/logo\\\/image\\\/\",\"url\":\"https:\\\/\\\/oldtownclinic.pl\\\/wp-content\\\/uploads\\\/2020\\\/11\\\/11403107_1614297772162163_1743189168332512043_n.jpg\",\"contentUrl\":\"https:\\\/\\\/oldtownclinic.pl\\\/wp-content\\\/uploads\\\/2020\\\/11\\\/11403107_1614297772162163_1743189168332512043_n.jpg\",\"width\":300,\"height\":300,\"caption\":\"Old Town Clinic\"},\"image\":{\"@id\":\"https:\\\/\\\/oldtownclinic.pl\\\/de\\\/#\\\/schema\\\/logo\\\/image\\\/\"},\"sameAs\":[\"https:\\\/\\\/www.facebook.com\\\/Old-Town-Clinic-1602020446723229\"]}]}<\/script>\n<!-- \/ Yoast SEO plugin. -->","yoast_head_json":{"title":"Fotodynamika - Old Town Clinic","robots":{"index":"index","follow":"follow","max-snippet":"max-snippet:-1","max-image-preview":"max-image-preview:large","max-video-preview":"max-video-preview:-1"},"canonical":"https:\/\/oldtownclinic.pl\/de\/fotodynamika\/","schema":{"@context":"https:\/\/schema.org","@graph":[{"@type":"WebPage","@id":"https:\/\/oldtownclinic.pl\/de\/fotodynamika\/","url":"https:\/\/oldtownclinic.pl\/de\/fotodynamika\/","name":"Fotodynamika - Old Town Clinic","isPartOf":{"@id":"https:\/\/oldtownclinic.pl\/de\/#website"},"datePublished":"2021-04-06T16:06:15+00:00","dateModified":"2021-04-07T09:05:18+00:00","breadcrumb":{"@id":"https:\/\/oldtownclinic.pl\/de\/fotodynamika\/#breadcrumb"},"inLanguage":"en-US","potentialAction":[{"@type":"ReadAction","target":["https:\/\/oldtownclinic.pl\/de\/fotodynamika\/"]}]},{"@type":"BreadcrumbList","@id":"https:\/\/oldtownclinic.pl\/de\/fotodynamika\/#breadcrumb","itemListElement":[{"@type":"ListItem","position":1,"name":"Strona g\u0142\u00f3wna","item":"https:\/\/oldtownclinic.pl\/de\/"},{"@type":"ListItem","position":2,"name":"Fotodynamika"}]},{"@type":"WebSite","@id":"https:\/\/oldtownclinic.pl\/de\/#website","url":"https:\/\/oldtownclinic.pl\/de\/","name":"Old Town Clinic","description":"Klinika Old Town Clinic - Onkologia i Stomatologia","publisher":{"@id":"https:\/\/oldtownclinic.pl\/de\/#organization"},"potentialAction":[{"@type":"SearchAction","target":{"@type":"EntryPoint","urlTemplate":"https:\/\/oldtownclinic.pl\/de\/?s={search_term_string}"},"query-input":{"@type":"PropertyValueSpecification","valueRequired":true,"valueName":"search_term_string"}}],"inLanguage":"en-US"},{"@type":"Organization","@id":"https:\/\/oldtownclinic.pl\/de\/#organization","name":"Old Town Clinic","url":"https:\/\/oldtownclinic.pl\/de\/","logo":{"@type":"ImageObject","inLanguage":"en-US","@id":"https:\/\/oldtownclinic.pl\/de\/#\/schema\/logo\/image\/","url":"https:\/\/oldtownclinic.pl\/wp-content\/uploads\/2020\/11\/11403107_1614297772162163_1743189168332512043_n.jpg","contentUrl":"https:\/\/oldtownclinic.pl\/wp-content\/uploads\/2020\/11\/11403107_1614297772162163_1743189168332512043_n.jpg","width":300,"height":300,"caption":"Old Town Clinic"},"image":{"@id":"https:\/\/oldtownclinic.pl\/de\/#\/schema\/logo\/image\/"},"sameAs":["https:\/\/www.facebook.com\/Old-Town-Clinic-1602020446723229"]}]}},"_links":{"self":[{"href":"https:\/\/oldtownclinic.pl\/en\/wp-json\/wp\/v2\/pages\/990","targetHints":{"allow":["GET"]}}],"collection":[{"href":"https:\/\/oldtownclinic.pl\/en\/wp-json\/wp\/v2\/pages"}],"about":[{"href":"https:\/\/oldtownclinic.pl\/en\/wp-json\/wp\/v2\/types\/page"}],"author":[{"embeddable":true,"href":"https:\/\/oldtownclinic.pl\/en\/wp-json\/wp\/v2\/users\/1"}],"replies":[{"embeddable":true,"href":"https:\/\/oldtownclinic.pl\/en\/wp-json\/wp\/v2\/comments?post=990"}],"version-history":[{"count":4,"href":"https:\/\/oldtownclinic.pl\/en\/wp-json\/wp\/v2\/pages\/990\/revisions"}],"predecessor-version":[{"id":1003,"href":"https:\/\/oldtownclinic.pl\/en\/wp-json\/wp\/v2\/pages\/990\/revisions\/1003"}],"wp:attachment":[{"href":"https:\/\/oldtownclinic.pl\/en\/wp-json\/wp\/v2\/media?parent=990"}],"curies":[{"name":"wp","href":"https:\/\/api.w.org\/{rel}","templated":true}]}}